{"id":10022,"date":"2020-07-21T15:00:07","date_gmt":"2020-07-21T15:00:07","guid":{"rendered":"http:\/\/coolswim.resideasy.com\/produit\/sistema-de-proteccion-de-medusas-cool-swim-de-nueva-generacion\/"},"modified":"2021-04-01T00:00:36","modified_gmt":"2021-03-31T22:00:36","slug":"sistema-de-proteccion-de-medusas-cool-swim-de-nueva-generacion","status":"publish","type":"product","link":"https:\/\/www.cool-swim.com\/es\/produit\/sistema-de-proteccion-de-medusas-cool-swim-de-nueva-generacion\/","title":{"rendered":"Sistema de protecci\u00f3n de medusas Cool Swim de nueva generaci\u00f3n"},"content":{"rendered":"<p>\u00a1La m\u00e1xima protecci\u00f3n contra las medusas!<\/p>\n<p>Agregar un Cool-Swim a su equipo de seguridad le permite nadar en cualquier lugar y en cualquier momento, incluso si hay medusas presentes.<\/p>\n<p>Cool-Swim es el sistema de protecci\u00f3n de medusas ligero, compacto y port\u00e1til.<\/p>\n<p>Una red de malla fina, ponderada y sostenida por un anillo de flotabilidad inflable forma una piscina que se puede usar desde un bote \/ yate o desde una licitaci\u00f3n. Esta piscina le permite nadar en aguas infestadas de medusas sin ser picado y mantener a sus hijos cerca y seguros.<\/p>\n<p>R\u00e1pido y f\u00e1cil de usar, el grupo Cool-Swim se puede implementar y recuperar en minutos.<\/p>\n<p>Las redes se pesan para minimizar la deriva. Cada piscina viene con su bolsa de almacenamiento ventilada, completa con una bomba de pie, kit de reparaci\u00f3n e instrucciones. Una peque\u00f1a inversi\u00f3n para su seguridad y tranquilidad.<\/p>\n","protected":false},"excerpt":{"rendered":"<p>\u00a1La m\u00e1xima protecci\u00f3n contra las medusas!<\/p>\n<p>Agregar un Cool-Swim a su equipo de seguridad le permite nadar en cualquier lugar y en cualquier momento, incluso si hay medusas presentes.<\/p>\n<p>Cool-Swim es el sistema de protecci\u00f3n de medusas ligero, compacto y port\u00e1til.<\/p>\n","protected":false},"featured_media":10023,"template":"","meta":{"ngg_post_thumbnail":0},"product_cat":[224],"product_tag":[],"yoast_head":"<!-- This site is optimized with the Yoast SEO plugin v21.2 - https:\/\/yoast.com\/wordpress\/plugins\/seo\/ -->\n<title>Sistema de protecci\u00f3n de medusas Cool Swim de nueva generaci\u00f3n - Cool Swim - syst\u00e8me de protection anti-m\u00e9duse portable<\/title>\n<meta name=\"robots\" content=\"index, follow, max-snippet:-1, max-image-preview:large, max-video-preview:-1\" \/>\n<link rel=\"canonical\" href=\"https:\/\/www.cool-swim.com\/es\/produit\/sistema-de-proteccion-de-medusas-cool-swim-de-nueva-generacion\/\" \/>\n<meta property=\"og:locale\" content=\"es_ES\" \/>\n<meta property=\"og:type\" content=\"article\" \/>\n<meta property=\"og:title\" content=\"Sistema de protecci\u00f3n de medusas Cool Swim de nueva generaci\u00f3n - Cool Swim - syst\u00e8me de protection anti-m\u00e9duse portable\" \/>\n<meta property=\"og:description\" content=\"\u00a1La m\u00e1xima protecci\u00f3n contra las medusas!  Agregar un Cool-Swim a su equipo de seguridad le permite nadar en cualquier lugar y en cualquier momento, incluso si hay medusas presentes.  Cool-Swim es el sistema de protecci\u00f3n de medusas ligero, compacto y port\u00e1til.\" \/>\n<meta property=\"og:url\" content=\"https:\/\/www.cool-swim.com\/es\/produit\/sistema-de-proteccion-de-medusas-cool-swim-de-nueva-generacion\/\" \/>\n<meta property=\"og:site_name\" content=\"Cool Swim - syst\u00e8me de protection anti-m\u00e9duse portable\" \/>\n<meta property=\"article:modified_time\" content=\"2021-03-31T22:00:36+00:00\" \/>\n<meta property=\"og:image\" content=\"https:\/\/www.cool-swim.com\/wp-content\/uploads\/2020\/06\/en-jellyfishprotection.jpg\" \/>\n\t<meta property=\"og:image:width\" content=\"1927\" \/>\n\t<meta property=\"og:image:height\" content=\"1080\" \/>\n\t<meta property=\"og:image:type\" content=\"image\/jpeg\" \/>\n<meta name=\"twitter:card\" content=\"summary_large_image\" \/>\n<meta name=\"twitter:label1\" content=\"Tiempo de lectura\" \/>\n\t<meta name=\"twitter:data1\" content=\"1 minuto\" \/>\n<script type=\"application\/ld+json\" class=\"yoast-schema-graph\">{\"@context\":\"https:\/\/schema.org\",\"@graph\":[{\"@type\":\"WebPage\",\"@id\":\"https:\/\/www.cool-swim.com\/es\/produit\/sistema-de-proteccion-de-medusas-cool-swim-de-nueva-generacion\/\",\"url\":\"https:\/\/www.cool-swim.com\/es\/produit\/sistema-de-proteccion-de-medusas-cool-swim-de-nueva-generacion\/\",\"name\":\"Sistema de protecci\u00f3n de medusas Cool Swim de nueva generaci\u00f3n - Cool Swim - syst\u00e8me de protection anti-m\u00e9duse portable\",\"isPartOf\":{\"@id\":\"https:\/\/www.cool-swim.com\/es\/#website\"},\"datePublished\":\"2020-07-21T15:00:07+00:00\",\"dateModified\":\"2021-03-31T22:00:36+00:00\",\"breadcrumb\":{\"@id\":\"https:\/\/www.cool-swim.com\/es\/produit\/sistema-de-proteccion-de-medusas-cool-swim-de-nueva-generacion\/#breadcrumb\"},\"inLanguage\":\"es\",\"potentialAction\":[{\"@type\":\"ReadAction\",\"target\":[\"https:\/\/www.cool-swim.com\/es\/produit\/sistema-de-proteccion-de-medusas-cool-swim-de-nueva-generacion\/\"]}]},{\"@type\":\"BreadcrumbList\",\"@id\":\"https:\/\/www.cool-swim.com\/es\/produit\/sistema-de-proteccion-de-medusas-cool-swim-de-nueva-generacion\/#breadcrumb\",\"itemListElement\":[{\"@type\":\"ListItem\",\"position\":1,\"name\":\"Accueil\",\"item\":\"https:\/\/www.cool-swim.com\/es\/\"},{\"@type\":\"ListItem\",\"position\":2,\"name\":\"Boutique\",\"item\":\"https:\/\/www.cool-swim.com\/boutique\/\"},{\"@type\":\"ListItem\",\"position\":3,\"name\":\"Sistema de protecci\u00f3n de medusas Cool Swim de nueva generaci\u00f3n\"}]},{\"@type\":\"WebSite\",\"@id\":\"https:\/\/www.cool-swim.com\/es\/#website\",\"url\":\"https:\/\/www.cool-swim.com\/es\/\",\"name\":\"Cool Swim - syst\u00e8me de protection anti-m\u00e9duse portable\",\"description\":\"syst\u00e8me de protection anti-m\u00e9duse portable\",\"publisher\":{\"@id\":\"https:\/\/www.cool-swim.com\/es\/#organization\"},\"potentialAction\":[{\"@type\":\"SearchAction\",\"target\":{\"@type\":\"EntryPoint\",\"urlTemplate\":\"https:\/\/www.cool-swim.com\/es\/?s={search_term_string}\"},\"query-input\":\"required name=search_term_string\"}],\"inLanguage\":\"es\"},{\"@type\":\"Organization\",\"@id\":\"https:\/\/www.cool-swim.com\/es\/#organization\",\"name\":\"Cool Swim\",\"url\":\"https:\/\/www.cool-swim.com\/es\/\",\"logo\":{\"@type\":\"ImageObject\",\"inLanguage\":\"es\",\"@id\":\"https:\/\/www.cool-swim.com\/es\/#\/schema\/logo\/image\/\",\"url\":\"https:\/\/www.cool-swim.com\/wp-content\/uploads\/2020\/06\/cool-swim-logo-4.png\",\"contentUrl\":\"https:\/\/www.cool-swim.com\/wp-content\/uploads\/2020\/06\/cool-swim-logo-4.png\",\"width\":1920,\"height\":521,\"caption\":\"Cool Swim\"},\"image\":{\"@id\":\"https:\/\/www.cool-swim.com\/es\/#\/schema\/logo\/image\/\"}}]}<\/script>\n<!-- \/ Yoast SEO plugin. -->","yoast_head_json":{"title":"Sistema de protecci\u00f3n de medusas Cool Swim de nueva generaci\u00f3n - Cool Swim - syst\u00e8me de protection anti-m\u00e9duse portable","robots":{"index":"index","follow":"follow","max-snippet":"max-snippet:-1","max-image-preview":"max-image-preview:large","max-video-preview":"max-video-preview:-1"},"canonical":"https:\/\/www.cool-swim.com\/es\/produit\/sistema-de-proteccion-de-medusas-cool-swim-de-nueva-generacion\/","og_locale":"es_ES","og_type":"article","og_title":"Sistema de protecci\u00f3n de medusas Cool Swim de nueva generaci\u00f3n - Cool Swim - syst\u00e8me de protection anti-m\u00e9duse portable","og_description":"\u00a1La m\u00e1xima protecci\u00f3n contra las medusas!  Agregar un Cool-Swim a su equipo de seguridad le permite nadar en cualquier lugar y en cualquier momento, incluso si hay medusas presentes.  Cool-Swim es el sistema de protecci\u00f3n de medusas ligero, compacto y port\u00e1til.","og_url":"https:\/\/www.cool-swim.com\/es\/produit\/sistema-de-proteccion-de-medusas-cool-swim-de-nueva-generacion\/","og_site_name":"Cool Swim - syst\u00e8me de protection anti-m\u00e9duse portable","article_modified_time":"2021-03-31T22:00:36+00:00","og_image":[{"width":1927,"height":1080,"url":"https:\/\/www.cool-swim.com\/wp-content\/uploads\/2020\/06\/en-jellyfishprotection.jpg","type":"image\/jpeg"}],"twitter_card":"summary_large_image","twitter_misc":{"Tiempo de lectura":"1 minuto"},"schema":{"@context":"https:\/\/schema.org","@graph":[{"@type":"WebPage","@id":"https:\/\/www.cool-swim.com\/es\/produit\/sistema-de-proteccion-de-medusas-cool-swim-de-nueva-generacion\/","url":"https:\/\/www.cool-swim.com\/es\/produit\/sistema-de-proteccion-de-medusas-cool-swim-de-nueva-generacion\/","name":"Sistema de protecci\u00f3n de medusas Cool Swim de nueva generaci\u00f3n - Cool Swim - syst\u00e8me de protection anti-m\u00e9duse portable","isPartOf":{"@id":"https:\/\/www.cool-swim.com\/es\/#website"},"datePublished":"2020-07-21T15:00:07+00:00","dateModified":"2021-03-31T22:00:36+00:00","breadcrumb":{"@id":"https:\/\/www.cool-swim.com\/es\/produit\/sistema-de-proteccion-de-medusas-cool-swim-de-nueva-generacion\/#breadcrumb"},"inLanguage":"es","potentialAction":[{"@type":"ReadAction","target":["https:\/\/www.cool-swim.com\/es\/produit\/sistema-de-proteccion-de-medusas-cool-swim-de-nueva-generacion\/"]}]},{"@type":"BreadcrumbList","@id":"https:\/\/www.cool-swim.com\/es\/produit\/sistema-de-proteccion-de-medusas-cool-swim-de-nueva-generacion\/#breadcrumb","itemListElement":[{"@type":"ListItem","position":1,"name":"Accueil","item":"https:\/\/www.cool-swim.com\/es\/"},{"@type":"ListItem","position":2,"name":"Boutique","item":"https:\/\/www.cool-swim.com\/boutique\/"},{"@type":"ListItem","position":3,"name":"Sistema de protecci\u00f3n de medusas Cool Swim de nueva generaci\u00f3n"}]},{"@type":"WebSite","@id":"https:\/\/www.cool-swim.com\/es\/#website","url":"https:\/\/www.cool-swim.com\/es\/","name":"Cool Swim - syst\u00e8me de protection anti-m\u00e9duse portable","description":"syst\u00e8me de protection anti-m\u00e9duse portable","publisher":{"@id":"https:\/\/www.cool-swim.com\/es\/#organization"},"potentialAction":[{"@type":"SearchAction","target":{"@type":"EntryPoint","urlTemplate":"https:\/\/www.cool-swim.com\/es\/?s={search_term_string}"},"query-input":"required name=search_term_string"}],"inLanguage":"es"},{"@type":"Organization","@id":"https:\/\/www.cool-swim.com\/es\/#organization","name":"Cool Swim","url":"https:\/\/www.cool-swim.com\/es\/","logo":{"@type":"ImageObject","inLanguage":"es","@id":"https:\/\/www.cool-swim.com\/es\/#\/schema\/logo\/image\/","url":"https:\/\/www.cool-swim.com\/wp-content\/uploads\/2020\/06\/cool-swim-logo-4.png","contentUrl":"https:\/\/www.cool-swim.com\/wp-content\/uploads\/2020\/06\/cool-swim-logo-4.png","width":1920,"height":521,"caption":"Cool Swim"},"image":{"@id":"https:\/\/www.cool-swim.com\/es\/#\/schema\/logo\/image\/"}}]}},"_links":{"self":[{"href":"https:\/\/www.cool-swim.com\/es\/wp-json\/wp\/v2\/product\/10022"}],"collection":[{"href":"https:\/\/www.cool-swim.com\/es\/wp-json\/wp\/v2\/product"}],"about":[{"href":"https:\/\/www.cool-swim.com\/es\/wp-json\/wp\/v2\/types\/product"}],"wp:featuredmedia":[{"embeddable":true,"href":"https:\/\/www.cool-swim.com\/es\/wp-json\/wp\/v2\/media\/10023"}],"wp:attachment":[{"href":"https:\/\/www.cool-swim.com\/es\/wp-json\/wp\/v2\/media?parent=10022"}],"wp:term":[{"taxonomy":"product_cat","embeddable":true,"href":"https:\/\/www.cool-swim.com\/es\/wp-json\/wp\/v2\/product_cat?post=10022"},{"taxonomy":"product_tag","embeddable":true,"href":"https:\/\/www.cool-swim.com\/es\/wp-json\/wp\/v2\/product_tag?post=10022"}],"curies":[{"name":"wp","href":"https:\/\/api.w.org\/{rel}","templated":true}]}}