{"id":9899,"date":"2014-06-26T02:39:31","date_gmt":"2014-06-26T02:39:31","guid":{"rendered":"http:\/\/coolswim.resideasy.com\/about-us-2\/"},"modified":"2020-07-21T10:01:59","modified_gmt":"2020-07-21T10:01:59","slug":"about-us-2","status":"publish","type":"page","link":"https:\/\/www.cool-swim.com\/es\/about-us-2\/","title":{"rendered":"Concesionarios"},"content":{"rendered":"<p><section class=\"kc-elm kc-css-102595 kc_row\"><div class=\"kc-row-container  kc-container\"><div class=\"kc-wrap-columns\"><div class=\"kc-elm kc-css-672021 kc_col-sm-6 kc_column kc_col-sm-6\"><div class=\"kc-col-container\">\n<div class=\"kc-elm kc-css-55591 kc-title-wrap \">\n\n\t<h3 class=\"kc_title\">Concesionarios<\/h3>\n<\/div>\n<div class=\"kc-elm kc-css-834351 kc_text_block\"><\/p>\n<table width=\"100%\">\n<tbody>\n<tr>\n<td><strong>LOCARAMA<\/strong><\/p>\n<p>Port Pierre Canto &#8211; La Croisette<br \/>\n06400 CANNES -FRANCE<\/p>\n<p>T\u00e9l : +33 (0)4 93 94 45 81<br \/>\nFax : +33 (0)4 93 436 820<br \/>\nGsm : +352 691 525612<br \/>\nWeb:\u00a0<a href=\"http:\/\/www.cannesboat.com\/\" target=\"_blank\" rel=\"noopener noreferrer\" class=\"broken_link\">www.cannesboat.com<\/a><\/td>\n<td><\/td>\n<td><img decoding=\"async\" src=\"http:\/\/www.cool-swim.com\/images\/companies\/1\/France.png?1466605727401\" alt=\"Distributeur Cool-Swim france\" \/><\/td>\n<\/tr>\n<tr>\n<td><\/td>\n<td><\/td>\n<td><\/td>\n<\/tr>\n<tr>\n<td><strong>VERSILIA SUPPLY SERVICE<br \/>\n<\/strong>Via M. Coppino, 433<br \/>\nVIAREGGIO-ITALIAPh: +39 0584 387461<br \/>\nFax: +39 0584 361322<br \/>\nMail: info@versilia.it<br \/>\nWeb:\u00a0<a title=\"Versilia Italia\" href=\"http:\/\/www.versilia.it\/\" target=\"_blank\" rel=\"noopener noreferrer\" class=\"broken_link\">www.versilia.it<\/a><\/td>\n<td><\/td>\n<td><img decoding=\"async\" src=\"http:\/\/www.cool-swim.com\/images\/companies\/1\/Italy.png?1466605779067\" alt=\"Distributeur Cool-Swim Italie\" \/><\/td>\n<\/tr>\n<tr>\n<td><strong>VERSILIA SUPPLY SERVICE ESPA\u00d1A,<\/strong><\/p>\n<p>CLUB DE MAR<br \/>\nMUELLE PELAIRES, s\/n<br \/>\n07015 PALMA DE MALLORCA<\/p>\n<p>Ph: +34 662959404<br \/>\nMail: info@vssespana.es<br \/>\nWeb:\u00a0<a href=\"http:\/\/www.vssespana.es\/\">www.vssespana.es<\/a><\/td>\n<td><\/td>\n<td><img decoding=\"async\" src=\"http:\/\/www.cool-swim.com\/images\/companies\/1\/spanish.png?1467036547789\" alt=\"Distributeur Cool-Swim Espagne\" \/><\/td>\n<\/tr>\n<\/tbody>\n<\/table>\n<p>\n<\/div><\/div><\/div><div class=\"kc-elm kc-css-693542 kc_col-sm-6 kc_column kc_col-sm-6\"><div class=\"kc-col-container\"><div class=\"kc-elm kc-css-843640\" style=\"height: 65px; clear: both; width:100%;\"><\/div><div class=\"kc_shortcode kc_single_image effect-v7\"><img decoding=\"async\" src=\"https:\/\/www.cool-swim.com\/wp-content\/uploads\/2020\/06\/team.png\" class=\"\" alt=\"\" \/><\/div><\/div><\/div><\/div><\/div><\/section><section class=\"kc-elm kc-css-879274 kc_row\"><div class=\"kc-row-container  kc-container\"><div class=\"kc-wrap-columns\"><div class=\"kc-elm kc-css-62276 kc_col-sm-6 kc_column kc_col-sm-6\"><div class=\"kc-col-container\"><div class=\"kc-elm kc-css-691289\" style=\"height: 60px; clear: both; width:100%;\"><\/div>\n<div class=\"kc-elm kc-css-335726 kc-title-wrap \">\n\n\t<h3 class=\"kc_title\">convertirse en un revendedor\r\n<\/h3>\n<\/div>\n<div class=\"kc-elm kc-css-365625 kc_text_block\"><\/p>\n<p class=\"ty-mainbox-title\">\u00bfEst\u00e1 interesado en representar a COOLSWIM como revendedor internacional?<\/p>\n<p>\n<\/div><div class=\"kc_shortcode kc_single_image effect-default\"><img decoding=\"async\" src=\"https:\/\/www.cool-swim.com\/wp-content\/uploads\/2020\/06\/DJI00005_resultat.jpg\" class=\"\" alt=\"\" \/><\/div><\/div><\/div><div class=\"kc-elm kc-css-518459 kc_col-sm-6 kc_column kc_col-sm-6\"><div class=\"kc-col-container\"><div class=\"kc-elm kc-css-350150\" style=\"height: 60px; clear: both; width:100%;\"><\/div><div class=\"kc-contact-form7 kc-elm kc-css-947611\"><h2>Contactez-Nous !<\/h2>\n<div class=\"wpcf7 no-js\" id=\"wpcf7-f14-o1\" lang=\"fr-FR\" dir=\"ltr\">\n<div class=\"screen-reader-response\"><p role=\"status\" aria-live=\"polite\" aria-atomic=\"true\"><\/p> <ul><\/ul><\/div>\n<form action=\"\/es\/wp-json\/wp\/v2\/pages\/9899#wpcf7-f14-o1\" method=\"post\" class=\"wpcf7-form init\" aria-label=\"Formulaire de contact\" novalidate=\"novalidate\" data-status=\"init\">\n<div style=\"display: none;\">\n<input type=\"hidden\" name=\"_wpcf7\" value=\"14\" \/>\n<input type=\"hidden\" name=\"_wpcf7_version\" value=\"5.9.5\" \/>\n<input type=\"hidden\" name=\"_wpcf7_locale\" value=\"fr_FR\" \/>\n<input type=\"hidden\" name=\"_wpcf7_unit_tag\" value=\"wpcf7-f14-o1\" \/>\n<input type=\"hidden\" name=\"_wpcf7_container_post\" value=\"0\" \/>\n<input type=\"hidden\" name=\"_wpcf7_posted_data_hash\" value=\"\" \/>\n<input type=\"hidden\" name=\"_wpcf7_recaptcha_response\" value=\"\" \/>\n<\/div>\n<p><label> Votre nom (obligatoire)<br \/>\n<span class=\"wpcf7-form-control-wrap\" data-name=\"your-name\"><input size=\"40\" class=\"wpcf7-form-control wpcf7-text wpcf7-validates-as-required\" aria-required=\"true\" aria-invalid=\"false\" value=\"\" type=\"text\" name=\"your-name\" \/><\/span> <\/label>\n<\/p>\n<p><label> Votre adresse de messagerie (obligatoire)<br \/>\n<span class=\"wpcf7-form-control-wrap\" data-name=\"your-email\"><input size=\"40\" class=\"wpcf7-form-control wpcf7-email wpcf7-validates-as-required wpcf7-text wpcf7-validates-as-email\" aria-required=\"true\" aria-invalid=\"false\" value=\"\" type=\"email\" name=\"your-email\" \/><\/span> <\/label>\n<\/p>\n<p><label> Objet<br \/>\n<span class=\"wpcf7-form-control-wrap\" data-name=\"your-subject\"><input size=\"40\" class=\"wpcf7-form-control wpcf7-text\" aria-invalid=\"false\" value=\"\" type=\"text\" name=\"your-subject\" \/><\/span> <\/label>\n<\/p>\n<p><label> Votre message<br \/>\n<span class=\"wpcf7-form-control-wrap\" data-name=\"your-message\"><textarea cols=\"40\" rows=\"10\" class=\"wpcf7-form-control wpcf7-textarea\" aria-invalid=\"false\" name=\"your-message\"><\/textarea><\/span> <\/label>\n<\/p>\n<p><input class=\"wpcf7-form-control wpcf7-submit has-spinner\" type=\"submit\" value=\"Envoyer\" \/>\n<\/p><div class=\"wpcf7-response-output\" aria-hidden=\"true\"><\/div>\n<\/form>\n<\/div>\n<\/div><\/div><\/div><\/div><\/div><\/section><\/p>\n","protected":false},"excerpt":{"rendered":"","protected":false},"author":1,"featured_media":0,"parent":0,"menu_order":0,"comment_status":"closed","ping_status":"closed","template":"","meta":{"ngg_post_thumbnail":0,"footnotes":""},"yoast_head":"<!-- This site is optimized with the Yoast SEO plugin v21.2 - https:\/\/yoast.com\/wordpress\/plugins\/seo\/ -->\n<title>Concesionarios - Cool Swim - syst\u00e8me de protection anti-m\u00e9duse portable<\/title>\n<meta name=\"robots\" content=\"index, follow, max-snippet:-1, max-image-preview:large, max-video-preview:-1\" \/>\n<link rel=\"canonical\" href=\"https:\/\/www.cool-swim.com\/es\/about-us-2\/\" \/>\n<meta property=\"og:locale\" content=\"es_ES\" \/>\n<meta property=\"og:type\" content=\"article\" \/>\n<meta property=\"og:title\" content=\"Concesionarios - Cool Swim - syst\u00e8me de protection anti-m\u00e9duse portable\" \/>\n<meta property=\"og:description\" content=\"Concesionarios LOCARAMA Port Pierre Canto &#8211; La Croisette 06400 CANNES -FRANCE T\u00e9l : +33 (0)4 93 94 45 81 Fax : +33 (0)4 93 436 820 Gsm : +352 691 525612 Web:\u00a0www.cannesboat.com VERSILIA SUPPLY SERVICE Via M. Coppino, 433 VIAREGGIO-ITALIAPh: +39 0584 387461 Fax: +39 0584 361322 Mail: info@versilia.it Web:\u00a0www.versilia.it VERSILIA SUPPLY SERVICE ESPA\u00d1A, CLUB &hellip; Continue reading Concesionarios &rarr;\" \/>\n<meta property=\"og:url\" content=\"https:\/\/www.cool-swim.com\/es\/about-us-2\/\" \/>\n<meta property=\"og:site_name\" content=\"Cool Swim - syst\u00e8me de protection anti-m\u00e9duse portable\" \/>\n<meta property=\"article:modified_time\" content=\"2020-07-21T10:01:59+00:00\" \/>\n<meta property=\"og:image\" content=\"http:\/\/www.cool-swim.com\/images\/companies\/1\/France.png?1466605727401\" \/>\n<meta name=\"twitter:card\" content=\"summary_large_image\" \/>\n<script type=\"application\/ld+json\" class=\"yoast-schema-graph\">{\"@context\":\"https:\/\/schema.org\",\"@graph\":[{\"@type\":\"WebPage\",\"@id\":\"https:\/\/www.cool-swim.com\/es\/about-us-2\/\",\"url\":\"https:\/\/www.cool-swim.com\/es\/about-us-2\/\",\"name\":\"Concesionarios - Cool Swim - syst\u00e8me de protection anti-m\u00e9duse portable\",\"isPartOf\":{\"@id\":\"https:\/\/www.cool-swim.com\/es\/#website\"},\"datePublished\":\"2014-06-26T02:39:31+00:00\",\"dateModified\":\"2020-07-21T10:01:59+00:00\",\"breadcrumb\":{\"@id\":\"https:\/\/www.cool-swim.com\/es\/about-us-2\/#breadcrumb\"},\"inLanguage\":\"es\",\"potentialAction\":[{\"@type\":\"ReadAction\",\"target\":[\"https:\/\/www.cool-swim.com\/es\/about-us-2\/\"]}]},{\"@type\":\"BreadcrumbList\",\"@id\":\"https:\/\/www.cool-swim.com\/es\/about-us-2\/#breadcrumb\",\"itemListElement\":[{\"@type\":\"ListItem\",\"position\":1,\"name\":\"Accueil\",\"item\":\"https:\/\/www.cool-swim.com\/es\/\"},{\"@type\":\"ListItem\",\"position\":2,\"name\":\"Concesionarios\"}]},{\"@type\":\"WebSite\",\"@id\":\"https:\/\/www.cool-swim.com\/es\/#website\",\"url\":\"https:\/\/www.cool-swim.com\/es\/\",\"name\":\"Cool Swim - syst\u00e8me de protection anti-m\u00e9duse portable\",\"description\":\"syst\u00e8me de protection anti-m\u00e9duse portable\",\"publisher\":{\"@id\":\"https:\/\/www.cool-swim.com\/es\/#organization\"},\"potentialAction\":[{\"@type\":\"SearchAction\",\"target\":{\"@type\":\"EntryPoint\",\"urlTemplate\":\"https:\/\/www.cool-swim.com\/es\/?s={search_term_string}\"},\"query-input\":\"required name=search_term_string\"}],\"inLanguage\":\"es\"},{\"@type\":\"Organization\",\"@id\":\"https:\/\/www.cool-swim.com\/es\/#organization\",\"name\":\"Cool Swim\",\"url\":\"https:\/\/www.cool-swim.com\/es\/\",\"logo\":{\"@type\":\"ImageObject\",\"inLanguage\":\"es\",\"@id\":\"https:\/\/www.cool-swim.com\/es\/#\/schema\/logo\/image\/\",\"url\":\"https:\/\/www.cool-swim.com\/wp-content\/uploads\/2020\/06\/cool-swim-logo-4.png\",\"contentUrl\":\"https:\/\/www.cool-swim.com\/wp-content\/uploads\/2020\/06\/cool-swim-logo-4.png\",\"width\":1920,\"height\":521,\"caption\":\"Cool Swim\"},\"image\":{\"@id\":\"https:\/\/www.cool-swim.com\/es\/#\/schema\/logo\/image\/\"}}]}<\/script>\n<!-- \/ Yoast SEO plugin. -->","yoast_head_json":{"title":"Concesionarios - Cool Swim - syst\u00e8me de protection anti-m\u00e9duse portable","robots":{"index":"index","follow":"follow","max-snippet":"max-snippet:-1","max-image-preview":"max-image-preview:large","max-video-preview":"max-video-preview:-1"},"canonical":"https:\/\/www.cool-swim.com\/es\/about-us-2\/","og_locale":"es_ES","og_type":"article","og_title":"Concesionarios - Cool Swim - syst\u00e8me de protection anti-m\u00e9duse portable","og_description":"Concesionarios LOCARAMA Port Pierre Canto &#8211; La Croisette 06400 CANNES -FRANCE T\u00e9l : +33 (0)4 93 94 45 81 Fax : +33 (0)4 93 436 820 Gsm : +352 691 525612 Web:\u00a0www.cannesboat.com VERSILIA SUPPLY SERVICE Via M. Coppino, 433 VIAREGGIO-ITALIAPh: +39 0584 387461 Fax: +39 0584 361322 Mail: info@versilia.it Web:\u00a0www.versilia.it VERSILIA SUPPLY SERVICE ESPA\u00d1A, CLUB &hellip; Continue reading Concesionarios &rarr;","og_url":"https:\/\/www.cool-swim.com\/es\/about-us-2\/","og_site_name":"Cool Swim - syst\u00e8me de protection anti-m\u00e9duse portable","article_modified_time":"2020-07-21T10:01:59+00:00","og_image":[{"url":"http:\/\/www.cool-swim.com\/images\/companies\/1\/France.png?1466605727401"}],"twitter_card":"summary_large_image","schema":{"@context":"https:\/\/schema.org","@graph":[{"@type":"WebPage","@id":"https:\/\/www.cool-swim.com\/es\/about-us-2\/","url":"https:\/\/www.cool-swim.com\/es\/about-us-2\/","name":"Concesionarios - Cool Swim - syst\u00e8me de protection anti-m\u00e9duse portable","isPartOf":{"@id":"https:\/\/www.cool-swim.com\/es\/#website"},"datePublished":"2014-06-26T02:39:31+00:00","dateModified":"2020-07-21T10:01:59+00:00","breadcrumb":{"@id":"https:\/\/www.cool-swim.com\/es\/about-us-2\/#breadcrumb"},"inLanguage":"es","potentialAction":[{"@type":"ReadAction","target":["https:\/\/www.cool-swim.com\/es\/about-us-2\/"]}]},{"@type":"BreadcrumbList","@id":"https:\/\/www.cool-swim.com\/es\/about-us-2\/#breadcrumb","itemListElement":[{"@type":"ListItem","position":1,"name":"Accueil","item":"https:\/\/www.cool-swim.com\/es\/"},{"@type":"ListItem","position":2,"name":"Concesionarios"}]},{"@type":"WebSite","@id":"https:\/\/www.cool-swim.com\/es\/#website","url":"https:\/\/www.cool-swim.com\/es\/","name":"Cool Swim - syst\u00e8me de protection anti-m\u00e9duse portable","description":"syst\u00e8me de protection anti-m\u00e9duse portable","publisher":{"@id":"https:\/\/www.cool-swim.com\/es\/#organization"},"potentialAction":[{"@type":"SearchAction","target":{"@type":"EntryPoint","urlTemplate":"https:\/\/www.cool-swim.com\/es\/?s={search_term_string}"},"query-input":"required name=search_term_string"}],"inLanguage":"es"},{"@type":"Organization","@id":"https:\/\/www.cool-swim.com\/es\/#organization","name":"Cool Swim","url":"https:\/\/www.cool-swim.com\/es\/","logo":{"@type":"ImageObject","inLanguage":"es","@id":"https:\/\/www.cool-swim.com\/es\/#\/schema\/logo\/image\/","url":"https:\/\/www.cool-swim.com\/wp-content\/uploads\/2020\/06\/cool-swim-logo-4.png","contentUrl":"https:\/\/www.cool-swim.com\/wp-content\/uploads\/2020\/06\/cool-swim-logo-4.png","width":1920,"height":521,"caption":"Cool Swim"},"image":{"@id":"https:\/\/www.cool-swim.com\/es\/#\/schema\/logo\/image\/"}}]}},"_links":{"self":[{"href":"https:\/\/www.cool-swim.com\/es\/wp-json\/wp\/v2\/pages\/9899"}],"collection":[{"href":"https:\/\/www.cool-swim.com\/es\/wp-json\/wp\/v2\/pages"}],"about":[{"href":"https:\/\/www.cool-swim.com\/es\/wp-json\/wp\/v2\/types\/page"}],"author":[{"embeddable":true,"href":"https:\/\/www.cool-swim.com\/es\/wp-json\/wp\/v2\/users\/1"}],"replies":[{"embeddable":true,"href":"https:\/\/www.cool-swim.com\/es\/wp-json\/wp\/v2\/comments?post=9899"}],"version-history":[{"count":4,"href":"https:\/\/www.cool-swim.com\/es\/wp-json\/wp\/v2\/pages\/9899\/revisions"}],"predecessor-version":[{"id":10009,"href":"https:\/\/www.cool-swim.com\/es\/wp-json\/wp\/v2\/pages\/9899\/revisions\/10009"}],"wp:attachment":[{"href":"https:\/\/www.cool-swim.com\/es\/wp-json\/wp\/v2\/media?parent=9899"}],"curies":[{"name":"wp","href":"https:\/\/api.w.org\/{rel}","templated":true}]}}