{"id":10149,"date":"2020-08-06T07:58:51","date_gmt":"2020-08-06T07:58:51","guid":{"rendered":"http:\/\/coolswim.resideasy.com\/imagenes\/"},"modified":"2020-08-06T07:58:51","modified_gmt":"2020-08-06T07:58:51","slug":"imagenes","status":"publish","type":"page","link":"https:\/\/www.cool-swim.com\/es\/imagenes\/","title":{"rendered":"Im\u00e1genes"},"content":{"rendered":"<style type=\"text\/css\"><\/style>\n<section class=\"kc-elm kc-css-390561 kc_row\">\n<div class=\"kc-row-container  kc-container\">\n<div class=\"kc-wrap-columns\">\n<div class=\"kc-elm kc-css-746721 kc_col-sm-12 kc_column kc_col-sm-12\">\n<div class=\"kc-col-container\">\n<div class=\"kc-elm kc-css-863405\" style=\"height: 61px; clear: both; width:100%;\"><\/div>\n<div class=\"kc-elm kc-css-722427 kc-title-wrap \">\n<h1 class=\"kc_title\">Photos<\/h1>\n<\/div>\n<div class=\"kc-image-gallery kc-elm kc-css-442661\">\n<div class=\"kc_image_gallery kc-carousel-image kc-grid \" data-image_masonry=\"yes\">\n<div class=\"item-grid grid-3\"><a class=\"kc-image-link kc-pretty-photo\" data-lightbox=\"kc-lightbox\" rel=\"kc-pretty-photo[5477312]\" href=\"https:\/\/www.cool-swim.com\/wp-content\/uploads\/2020\/07\/DJI00002-simu_resultat.jpg\"><img decoding=\"async\" src=\"https:\/\/www.cool-swim.com\/wp-content\/uploads\/2020\/07\/DJI00002-simu_resultat.jpg\" alt=\"\"\/><\/a><\/div>\n<div class=\"item-grid grid-3\"><a class=\"kc-image-link kc-pretty-photo\" data-lightbox=\"kc-lightbox\" rel=\"kc-pretty-photo[5477312]\" href=\"https:\/\/www.cool-swim.com\/wp-content\/uploads\/2020\/07\/20160607_134313_resultat.jpg\"><img decoding=\"async\" src=\"https:\/\/www.cool-swim.com\/wp-content\/uploads\/2020\/07\/20160607_134313_resultat.jpg\" alt=\"\"\/><\/a><\/div>\n<div class=\"item-grid grid-3\"><a class=\"kc-image-link kc-pretty-photo\" data-lightbox=\"kc-lightbox\" rel=\"kc-pretty-photo[5477312]\" href=\"https:\/\/www.cool-swim.com\/wp-content\/uploads\/2020\/07\/2016-06-07-13.38.21_resultat.jpg\"><img decoding=\"async\" src=\"https:\/\/www.cool-swim.com\/wp-content\/uploads\/2020\/07\/2016-06-07-13.38.21_resultat.jpg\" alt=\"\"\/><\/a><\/div>\n<div class=\"item-grid grid-3\"><a class=\"kc-image-link kc-pretty-photo\" data-lightbox=\"kc-lightbox\" rel=\"kc-pretty-photo[5477312]\" href=\"https:\/\/www.cool-swim.com\/wp-content\/uploads\/2020\/07\/2016-06-07-13.30.31_resultat.jpg\"><img decoding=\"async\" src=\"https:\/\/www.cool-swim.com\/wp-content\/uploads\/2020\/07\/2016-06-07-13.30.31_resultat.jpg\" alt=\"\"\/><\/a><\/div>\n<div class=\"item-grid grid-3\"><a class=\"kc-image-link kc-pretty-photo\" data-lightbox=\"kc-lightbox\" rel=\"kc-pretty-photo[5477312]\" href=\"https:\/\/www.cool-swim.com\/wp-content\/uploads\/2020\/07\/2016-06-07-13.29.08_resultat.jpg\"><img decoding=\"async\" src=\"https:\/\/www.cool-swim.com\/wp-content\/uploads\/2020\/07\/2016-06-07-13.29.08_resultat.jpg\" alt=\"\"\/><\/a><\/div>\n<div class=\"item-grid grid-3\"><a class=\"kc-image-link kc-pretty-photo\" data-lightbox=\"kc-lightbox\" rel=\"kc-pretty-photo[5477312]\" href=\"https:\/\/www.cool-swim.com\/wp-content\/uploads\/2020\/07\/2016-06-07-13.22.05_resultat.jpg\"><img decoding=\"async\" src=\"https:\/\/www.cool-swim.com\/wp-content\/uploads\/2020\/07\/2016-06-07-13.22.05_resultat.jpg\" alt=\"\"\/><\/a><\/div>\n<\/div>\n<\/div>\n<div class=\"kc-elm kc-css-118128\" style=\"height: 61px; clear: both; width:100%;\"><\/div>\n<\/div>\n<\/div>\n<\/div>\n<\/div>\n<\/section>\n","protected":false},"excerpt":{"rendered":"<p>Photos<\/p>\n","protected":false},"author":1,"featured_media":0,"parent":0,"menu_order":0,"comment_status":"closed","ping_status":"closed","template":"","meta":{"ngg_post_thumbnail":0,"footnotes":""},"yoast_head":"<!-- This site is optimized with the Yoast SEO plugin v21.2 - https:\/\/yoast.com\/wordpress\/plugins\/seo\/ -->\n<title>Im\u00e1genes - Cool Swim - syst\u00e8me de protection anti-m\u00e9duse portable<\/title>\n<meta name=\"robots\" content=\"index, follow, max-snippet:-1, max-image-preview:large, max-video-preview:-1\" \/>\n<link rel=\"canonical\" href=\"https:\/\/www.cool-swim.com\/es\/imagenes\/\" \/>\n<meta property=\"og:locale\" content=\"es_ES\" \/>\n<meta property=\"og:type\" content=\"article\" \/>\n<meta property=\"og:title\" content=\"Im\u00e1genes - Cool Swim - syst\u00e8me de protection anti-m\u00e9duse portable\" \/>\n<meta property=\"og:description\" content=\"Photos\" \/>\n<meta property=\"og:url\" content=\"https:\/\/www.cool-swim.com\/es\/imagenes\/\" \/>\n<meta property=\"og:site_name\" content=\"Cool Swim - syst\u00e8me de protection anti-m\u00e9duse portable\" \/>\n<meta property=\"og:image\" content=\"https:\/\/www.cool-swim.com\/wp-content\/uploads\/2020\/07\/DJI00002-simu_resultat.jpg\" \/>\n<meta name=\"twitter:card\" content=\"summary_large_image\" \/>\n<script type=\"application\/ld+json\" class=\"yoast-schema-graph\">{\"@context\":\"https:\/\/schema.org\",\"@graph\":[{\"@type\":\"WebPage\",\"@id\":\"https:\/\/www.cool-swim.com\/es\/imagenes\/\",\"url\":\"https:\/\/www.cool-swim.com\/es\/imagenes\/\",\"name\":\"Im\u00e1genes - Cool Swim - syst\u00e8me de protection anti-m\u00e9duse portable\",\"isPartOf\":{\"@id\":\"https:\/\/www.cool-swim.com\/es\/#website\"},\"datePublished\":\"2020-08-06T07:58:51+00:00\",\"dateModified\":\"2020-08-06T07:58:51+00:00\",\"breadcrumb\":{\"@id\":\"https:\/\/www.cool-swim.com\/es\/imagenes\/#breadcrumb\"},\"inLanguage\":\"es\",\"potentialAction\":[{\"@type\":\"ReadAction\",\"target\":[\"https:\/\/www.cool-swim.com\/es\/imagenes\/\"]}]},{\"@type\":\"BreadcrumbList\",\"@id\":\"https:\/\/www.cool-swim.com\/es\/imagenes\/#breadcrumb\",\"itemListElement\":[{\"@type\":\"ListItem\",\"position\":1,\"name\":\"Accueil\",\"item\":\"https:\/\/www.cool-swim.com\/es\/\"},{\"@type\":\"ListItem\",\"position\":2,\"name\":\"Im\u00e1genes\"}]},{\"@type\":\"WebSite\",\"@id\":\"https:\/\/www.cool-swim.com\/es\/#website\",\"url\":\"https:\/\/www.cool-swim.com\/es\/\",\"name\":\"Cool Swim - syst\u00e8me de protection anti-m\u00e9duse portable\",\"description\":\"syst\u00e8me de protection anti-m\u00e9duse portable\",\"publisher\":{\"@id\":\"https:\/\/www.cool-swim.com\/es\/#organization\"},\"potentialAction\":[{\"@type\":\"SearchAction\",\"target\":{\"@type\":\"EntryPoint\",\"urlTemplate\":\"https:\/\/www.cool-swim.com\/es\/?s={search_term_string}\"},\"query-input\":\"required name=search_term_string\"}],\"inLanguage\":\"es\"},{\"@type\":\"Organization\",\"@id\":\"https:\/\/www.cool-swim.com\/es\/#organization\",\"name\":\"Cool Swim\",\"url\":\"https:\/\/www.cool-swim.com\/es\/\",\"logo\":{\"@type\":\"ImageObject\",\"inLanguage\":\"es\",\"@id\":\"https:\/\/www.cool-swim.com\/es\/#\/schema\/logo\/image\/\",\"url\":\"https:\/\/www.cool-swim.com\/wp-content\/uploads\/2020\/06\/cool-swim-logo-4.png\",\"contentUrl\":\"https:\/\/www.cool-swim.com\/wp-content\/uploads\/2020\/06\/cool-swim-logo-4.png\",\"width\":1920,\"height\":521,\"caption\":\"Cool Swim\"},\"image\":{\"@id\":\"https:\/\/www.cool-swim.com\/es\/#\/schema\/logo\/image\/\"}}]}<\/script>\n<!-- \/ Yoast SEO plugin. -->","yoast_head_json":{"title":"Im\u00e1genes - Cool Swim - syst\u00e8me de protection anti-m\u00e9duse portable","robots":{"index":"index","follow":"follow","max-snippet":"max-snippet:-1","max-image-preview":"max-image-preview:large","max-video-preview":"max-video-preview:-1"},"canonical":"https:\/\/www.cool-swim.com\/es\/imagenes\/","og_locale":"es_ES","og_type":"article","og_title":"Im\u00e1genes - Cool Swim - syst\u00e8me de protection anti-m\u00e9duse portable","og_description":"Photos","og_url":"https:\/\/www.cool-swim.com\/es\/imagenes\/","og_site_name":"Cool Swim - syst\u00e8me de protection anti-m\u00e9duse portable","og_image":[{"url":"https:\/\/www.cool-swim.com\/wp-content\/uploads\/2020\/07\/DJI00002-simu_resultat.jpg"}],"twitter_card":"summary_large_image","schema":{"@context":"https:\/\/schema.org","@graph":[{"@type":"WebPage","@id":"https:\/\/www.cool-swim.com\/es\/imagenes\/","url":"https:\/\/www.cool-swim.com\/es\/imagenes\/","name":"Im\u00e1genes - Cool Swim - syst\u00e8me de protection anti-m\u00e9duse portable","isPartOf":{"@id":"https:\/\/www.cool-swim.com\/es\/#website"},"datePublished":"2020-08-06T07:58:51+00:00","dateModified":"2020-08-06T07:58:51+00:00","breadcrumb":{"@id":"https:\/\/www.cool-swim.com\/es\/imagenes\/#breadcrumb"},"inLanguage":"es","potentialAction":[{"@type":"ReadAction","target":["https:\/\/www.cool-swim.com\/es\/imagenes\/"]}]},{"@type":"BreadcrumbList","@id":"https:\/\/www.cool-swim.com\/es\/imagenes\/#breadcrumb","itemListElement":[{"@type":"ListItem","position":1,"name":"Accueil","item":"https:\/\/www.cool-swim.com\/es\/"},{"@type":"ListItem","position":2,"name":"Im\u00e1genes"}]},{"@type":"WebSite","@id":"https:\/\/www.cool-swim.com\/es\/#website","url":"https:\/\/www.cool-swim.com\/es\/","name":"Cool Swim - syst\u00e8me de protection anti-m\u00e9duse portable","description":"syst\u00e8me de protection anti-m\u00e9duse portable","publisher":{"@id":"https:\/\/www.cool-swim.com\/es\/#organization"},"potentialAction":[{"@type":"SearchAction","target":{"@type":"EntryPoint","urlTemplate":"https:\/\/www.cool-swim.com\/es\/?s={search_term_string}"},"query-input":"required name=search_term_string"}],"inLanguage":"es"},{"@type":"Organization","@id":"https:\/\/www.cool-swim.com\/es\/#organization","name":"Cool Swim","url":"https:\/\/www.cool-swim.com\/es\/","logo":{"@type":"ImageObject","inLanguage":"es","@id":"https:\/\/www.cool-swim.com\/es\/#\/schema\/logo\/image\/","url":"https:\/\/www.cool-swim.com\/wp-content\/uploads\/2020\/06\/cool-swim-logo-4.png","contentUrl":"https:\/\/www.cool-swim.com\/wp-content\/uploads\/2020\/06\/cool-swim-logo-4.png","width":1920,"height":521,"caption":"Cool Swim"},"image":{"@id":"https:\/\/www.cool-swim.com\/es\/#\/schema\/logo\/image\/"}}]}},"_links":{"self":[{"href":"https:\/\/www.cool-swim.com\/es\/wp-json\/wp\/v2\/pages\/10149"}],"collection":[{"href":"https:\/\/www.cool-swim.com\/es\/wp-json\/wp\/v2\/pages"}],"about":[{"href":"https:\/\/www.cool-swim.com\/es\/wp-json\/wp\/v2\/types\/page"}],"author":[{"embeddable":true,"href":"https:\/\/www.cool-swim.com\/es\/wp-json\/wp\/v2\/users\/1"}],"replies":[{"embeddable":true,"href":"https:\/\/www.cool-swim.com\/es\/wp-json\/wp\/v2\/comments?post=10149"}],"version-history":[{"count":0,"href":"https:\/\/www.cool-swim.com\/es\/wp-json\/wp\/v2\/pages\/10149\/revisions"}],"wp:attachment":[{"href":"https:\/\/www.cool-swim.com\/es\/wp-json\/wp\/v2\/media?parent=10149"}],"curies":[{"name":"wp","href":"https:\/\/api.w.org\/{rel}","templated":true}]}}