{"id":10015,"date":"2020-07-21T15:00:07","date_gmt":"2020-07-21T15:00:07","guid":{"rendered":"http:\/\/coolswim.resideasy.com\/produit\/test-produit-en\/"},"modified":"2021-04-01T00:00:35","modified_gmt":"2021-03-31T22:00:35","slug":"jellyfish-protection-system-new-generation","status":"publish","type":"product","link":"https:\/\/www.cool-swim.com\/en\/produit\/jellyfish-protection-system-new-generation\/","title":{"rendered":"JELLYFISH PROTECTION SYSTEM NEW GENERATION"},"content":{"rendered":"<p>The ultimate protection against jellyfish!<\/p>\n<p>Adding a Cool-Swim to your safety gear allows you to swim anywhere and anytime, even if jellyfish are present.<\/p>\n<p>Cool-Swim is the lightweight, compact and portable jellyfish protection system.<\/p>\n<p>A fine mesh net, weighted and supported by an inflatable buoyancy ring forms a swimming pool which can be used from a boat \/ yacht or tender. This pool allows you to swim in jellyfish infested waters without getting stung and to keep your children close and safe.<\/p>\n<p>Quick and easy to use, the Cool-Swim pool can be deployed and retrieved in minutes.<\/p>\n<p>The nets are weighted to minimize drift. Each pool comes with its ventilated storage bag, complete with a foot pump, repair kit and instructions. A small investment for your safety and peace of mind.<\/p>\n","protected":false},"excerpt":{"rendered":"<p>The ultimate protection against jellyfish!<\/p>\n<p>Adding a Cool-Swim to your safety gear allows you to swim anywhere and anytime, even if jellyfish are present.<\/p>\n","protected":false},"featured_media":9966,"template":"","meta":{"ngg_post_thumbnail":0},"product_cat":[221],"product_tag":[],"yoast_head":"<!-- This site is optimized with the Yoast SEO plugin v21.2 - https:\/\/yoast.com\/wordpress\/plugins\/seo\/ -->\n<title>JELLYFISH PROTECTION SYSTEM NEW GENERATION - Cool Swim - syst\u00e8me de protection anti-m\u00e9duse portable<\/title>\n<meta name=\"robots\" content=\"index, follow, max-snippet:-1, max-image-preview:large, max-video-preview:-1\" \/>\n<link rel=\"canonical\" href=\"https:\/\/www.cool-swim.com\/en\/produit\/jellyfish-protection-system-new-generation\/\" \/>\n<meta property=\"og:locale\" content=\"en_US\" \/>\n<meta property=\"og:type\" content=\"article\" \/>\n<meta property=\"og:title\" content=\"JELLYFISH PROTECTION SYSTEM NEW GENERATION - Cool Swim - syst\u00e8me de protection anti-m\u00e9duse portable\" \/>\n<meta property=\"og:description\" content=\"The ultimate protection against jellyfish!  Adding a Cool-Swim to your safety gear allows you to swim anywhere and anytime, even if jellyfish are present.\" \/>\n<meta property=\"og:url\" content=\"https:\/\/www.cool-swim.com\/en\/produit\/jellyfish-protection-system-new-generation\/\" \/>\n<meta property=\"og:site_name\" content=\"Cool Swim - syst\u00e8me de protection anti-m\u00e9duse portable\" \/>\n<meta property=\"article:modified_time\" content=\"2021-03-31T22:00:35+00:00\" \/>\n<meta property=\"og:image\" content=\"https:\/\/www.cool-swim.com\/wp-content\/uploads\/2020\/06\/en-jellyfishprotection.jpg\" \/>\n\t<meta property=\"og:image:width\" content=\"1927\" \/>\n\t<meta property=\"og:image:height\" content=\"1080\" \/>\n\t<meta property=\"og:image:type\" content=\"image\/jpeg\" \/>\n<meta name=\"twitter:card\" content=\"summary_large_image\" \/>\n<meta name=\"twitter:label1\" content=\"Est. reading time\" \/>\n\t<meta name=\"twitter:data1\" content=\"1 minute\" \/>\n<script type=\"application\/ld+json\" class=\"yoast-schema-graph\">{\"@context\":\"https:\/\/schema.org\",\"@graph\":[{\"@type\":\"WebPage\",\"@id\":\"https:\/\/www.cool-swim.com\/en\/produit\/jellyfish-protection-system-new-generation\/\",\"url\":\"https:\/\/www.cool-swim.com\/en\/produit\/jellyfish-protection-system-new-generation\/\",\"name\":\"JELLYFISH PROTECTION SYSTEM NEW GENERATION - Cool Swim - syst\u00e8me de protection anti-m\u00e9duse portable\",\"isPartOf\":{\"@id\":\"https:\/\/www.cool-swim.com\/en\/#website\"},\"datePublished\":\"2020-07-21T15:00:07+00:00\",\"dateModified\":\"2021-03-31T22:00:35+00:00\",\"breadcrumb\":{\"@id\":\"https:\/\/www.cool-swim.com\/en\/produit\/jellyfish-protection-system-new-generation\/#breadcrumb\"},\"inLanguage\":\"en-US\",\"potentialAction\":[{\"@type\":\"ReadAction\",\"target\":[\"https:\/\/www.cool-swim.com\/en\/produit\/jellyfish-protection-system-new-generation\/\"]}]},{\"@type\":\"BreadcrumbList\",\"@id\":\"https:\/\/www.cool-swim.com\/en\/produit\/jellyfish-protection-system-new-generation\/#breadcrumb\",\"itemListElement\":[{\"@type\":\"ListItem\",\"position\":1,\"name\":\"Accueil\",\"item\":\"https:\/\/www.cool-swim.com\/en\/\"},{\"@type\":\"ListItem\",\"position\":2,\"name\":\"Boutique\",\"item\":\"https:\/\/www.cool-swim.com\/boutique\/\"},{\"@type\":\"ListItem\",\"position\":3,\"name\":\"JELLYFISH PROTECTION SYSTEM NEW GENERATION\"}]},{\"@type\":\"WebSite\",\"@id\":\"https:\/\/www.cool-swim.com\/en\/#website\",\"url\":\"https:\/\/www.cool-swim.com\/en\/\",\"name\":\"Cool Swim - syst\u00e8me de protection anti-m\u00e9duse portable\",\"description\":\"syst\u00e8me de protection anti-m\u00e9duse portable\",\"publisher\":{\"@id\":\"https:\/\/www.cool-swim.com\/en\/#organization\"},\"potentialAction\":[{\"@type\":\"SearchAction\",\"target\":{\"@type\":\"EntryPoint\",\"urlTemplate\":\"https:\/\/www.cool-swim.com\/en\/?s={search_term_string}\"},\"query-input\":\"required name=search_term_string\"}],\"inLanguage\":\"en-US\"},{\"@type\":\"Organization\",\"@id\":\"https:\/\/www.cool-swim.com\/en\/#organization\",\"name\":\"Cool Swim\",\"url\":\"https:\/\/www.cool-swim.com\/en\/\",\"logo\":{\"@type\":\"ImageObject\",\"inLanguage\":\"en-US\",\"@id\":\"https:\/\/www.cool-swim.com\/en\/#\/schema\/logo\/image\/\",\"url\":\"https:\/\/www.cool-swim.com\/wp-content\/uploads\/2020\/06\/cool-swim-logo-4.png\",\"contentUrl\":\"https:\/\/www.cool-swim.com\/wp-content\/uploads\/2020\/06\/cool-swim-logo-4.png\",\"width\":1920,\"height\":521,\"caption\":\"Cool Swim\"},\"image\":{\"@id\":\"https:\/\/www.cool-swim.com\/en\/#\/schema\/logo\/image\/\"}}]}<\/script>\n<!-- \/ Yoast SEO plugin. -->","yoast_head_json":{"title":"JELLYFISH PROTECTION SYSTEM NEW GENERATION - Cool Swim - syst\u00e8me de protection anti-m\u00e9duse portable","robots":{"index":"index","follow":"follow","max-snippet":"max-snippet:-1","max-image-preview":"max-image-preview:large","max-video-preview":"max-video-preview:-1"},"canonical":"https:\/\/www.cool-swim.com\/en\/produit\/jellyfish-protection-system-new-generation\/","og_locale":"en_US","og_type":"article","og_title":"JELLYFISH PROTECTION SYSTEM NEW GENERATION - Cool Swim - syst\u00e8me de protection anti-m\u00e9duse portable","og_description":"The ultimate protection against jellyfish!  Adding a Cool-Swim to your safety gear allows you to swim anywhere and anytime, even if jellyfish are present.","og_url":"https:\/\/www.cool-swim.com\/en\/produit\/jellyfish-protection-system-new-generation\/","og_site_name":"Cool Swim - syst\u00e8me de protection anti-m\u00e9duse portable","article_modified_time":"2021-03-31T22:00:35+00:00","og_image":[{"width":1927,"height":1080,"url":"https:\/\/www.cool-swim.com\/wp-content\/uploads\/2020\/06\/en-jellyfishprotection.jpg","type":"image\/jpeg"}],"twitter_card":"summary_large_image","twitter_misc":{"Est. reading time":"1 minute"},"schema":{"@context":"https:\/\/schema.org","@graph":[{"@type":"WebPage","@id":"https:\/\/www.cool-swim.com\/en\/produit\/jellyfish-protection-system-new-generation\/","url":"https:\/\/www.cool-swim.com\/en\/produit\/jellyfish-protection-system-new-generation\/","name":"JELLYFISH PROTECTION SYSTEM NEW GENERATION - Cool Swim - syst\u00e8me de protection anti-m\u00e9duse portable","isPartOf":{"@id":"https:\/\/www.cool-swim.com\/en\/#website"},"datePublished":"2020-07-21T15:00:07+00:00","dateModified":"2021-03-31T22:00:35+00:00","breadcrumb":{"@id":"https:\/\/www.cool-swim.com\/en\/produit\/jellyfish-protection-system-new-generation\/#breadcrumb"},"inLanguage":"en-US","potentialAction":[{"@type":"ReadAction","target":["https:\/\/www.cool-swim.com\/en\/produit\/jellyfish-protection-system-new-generation\/"]}]},{"@type":"BreadcrumbList","@id":"https:\/\/www.cool-swim.com\/en\/produit\/jellyfish-protection-system-new-generation\/#breadcrumb","itemListElement":[{"@type":"ListItem","position":1,"name":"Accueil","item":"https:\/\/www.cool-swim.com\/en\/"},{"@type":"ListItem","position":2,"name":"Boutique","item":"https:\/\/www.cool-swim.com\/boutique\/"},{"@type":"ListItem","position":3,"name":"JELLYFISH PROTECTION SYSTEM NEW GENERATION"}]},{"@type":"WebSite","@id":"https:\/\/www.cool-swim.com\/en\/#website","url":"https:\/\/www.cool-swim.com\/en\/","name":"Cool Swim - syst\u00e8me de protection anti-m\u00e9duse portable","description":"syst\u00e8me de protection anti-m\u00e9duse portable","publisher":{"@id":"https:\/\/www.cool-swim.com\/en\/#organization"},"potentialAction":[{"@type":"SearchAction","target":{"@type":"EntryPoint","urlTemplate":"https:\/\/www.cool-swim.com\/en\/?s={search_term_string}"},"query-input":"required name=search_term_string"}],"inLanguage":"en-US"},{"@type":"Organization","@id":"https:\/\/www.cool-swim.com\/en\/#organization","name":"Cool Swim","url":"https:\/\/www.cool-swim.com\/en\/","logo":{"@type":"ImageObject","inLanguage":"en-US","@id":"https:\/\/www.cool-swim.com\/en\/#\/schema\/logo\/image\/","url":"https:\/\/www.cool-swim.com\/wp-content\/uploads\/2020\/06\/cool-swim-logo-4.png","contentUrl":"https:\/\/www.cool-swim.com\/wp-content\/uploads\/2020\/06\/cool-swim-logo-4.png","width":1920,"height":521,"caption":"Cool Swim"},"image":{"@id":"https:\/\/www.cool-swim.com\/en\/#\/schema\/logo\/image\/"}}]}},"_links":{"self":[{"href":"https:\/\/www.cool-swim.com\/en\/wp-json\/wp\/v2\/product\/10015"}],"collection":[{"href":"https:\/\/www.cool-swim.com\/en\/wp-json\/wp\/v2\/product"}],"about":[{"href":"https:\/\/www.cool-swim.com\/en\/wp-json\/wp\/v2\/types\/product"}],"wp:featuredmedia":[{"embeddable":true,"href":"https:\/\/www.cool-swim.com\/en\/wp-json\/wp\/v2\/media\/9966"}],"wp:attachment":[{"href":"https:\/\/www.cool-swim.com\/en\/wp-json\/wp\/v2\/media?parent=10015"}],"wp:term":[{"taxonomy":"product_cat","embeddable":true,"href":"https:\/\/www.cool-swim.com\/en\/wp-json\/wp\/v2\/product_cat?post=10015"},{"taxonomy":"product_tag","embeddable":true,"href":"https:\/\/www.cool-swim.com\/en\/wp-json\/wp\/v2\/product_tag?post=10015"}],"curies":[{"name":"wp","href":"https:\/\/api.w.org\/{rel}","templated":true}]}}