{"id":9910,"date":"2020-07-20T13:19:29","date_gmt":"2020-07-20T13:19:29","guid":{"rendered":"http:\/\/coolswim.resideasy.com\/checkout-2\/"},"modified":"2020-07-20T13:19:29","modified_gmt":"2020-07-20T13:19:29","slug":"checkout-2","status":"publish","type":"page","link":"https:\/\/www.cool-swim.com\/en\/checkout-2\/","title":{"rendered":"Checkout"},"content":{"rendered":"<section class=\"kc-elm kc_row\"><div class=\"kc-row-container  kc-container\"><div class=\"kc-wrap-columns\"><div class=\"kc-elm kc_col-sm-12 kc_column kc_col-sm-12\"><div class=\"kc-col-container\"><div class=\"woocommerce\"><\/div><\/div><\/div><\/div><\/div><\/section>\n","protected":false},"excerpt":{"rendered":"","protected":false},"author":1,"featured_media":0,"parent":0,"menu_order":0,"comment_status":"closed","ping_status":"open","template":"","meta":{"ngg_post_thumbnail":0,"footnotes":""},"yoast_head":"<!-- This site is optimized with the Yoast SEO plugin v21.2 - https:\/\/yoast.com\/wordpress\/plugins\/seo\/ -->\n<title>Checkout - Cool Swim - syst\u00e8me de protection anti-m\u00e9duse portable<\/title>\n<meta name=\"robots\" content=\"index, follow, max-snippet:-1, max-image-preview:large, max-video-preview:-1\" \/>\n<link rel=\"canonical\" href=\"https:\/\/www.cool-swim.com\/en\/checkout-2\/\" \/>\n<meta property=\"og:locale\" content=\"en_US\" \/>\n<meta property=\"og:type\" content=\"article\" \/>\n<meta property=\"og:title\" content=\"Checkout - Cool Swim - syst\u00e8me de protection anti-m\u00e9duse portable\" \/>\n<meta property=\"og:url\" content=\"https:\/\/www.cool-swim.com\/en\/checkout-2\/\" \/>\n<meta property=\"og:site_name\" content=\"Cool Swim - syst\u00e8me de protection anti-m\u00e9duse portable\" \/>\n<meta name=\"twitter:card\" content=\"summary_large_image\" \/>\n<script type=\"application\/ld+json\" class=\"yoast-schema-graph\">{\"@context\":\"https:\/\/schema.org\",\"@graph\":[{\"@type\":\"WebPage\",\"@id\":\"https:\/\/www.cool-swim.com\/en\/checkout-2\/\",\"url\":\"https:\/\/www.cool-swim.com\/en\/checkout-2\/\",\"name\":\"Checkout - Cool Swim - syst\u00e8me de protection anti-m\u00e9duse portable\",\"isPartOf\":{\"@id\":\"https:\/\/www.cool-swim.com\/en\/#website\"},\"datePublished\":\"2020-07-20T13:19:29+00:00\",\"dateModified\":\"2020-07-20T13:19:29+00:00\",\"breadcrumb\":{\"@id\":\"https:\/\/www.cool-swim.com\/en\/checkout-2\/#breadcrumb\"},\"inLanguage\":\"en-US\",\"potentialAction\":[{\"@type\":\"ReadAction\",\"target\":[\"https:\/\/www.cool-swim.com\/en\/checkout-2\/\"]}]},{\"@type\":\"BreadcrumbList\",\"@id\":\"https:\/\/www.cool-swim.com\/en\/checkout-2\/#breadcrumb\",\"itemListElement\":[{\"@type\":\"ListItem\",\"position\":1,\"name\":\"Accueil\",\"item\":\"https:\/\/www.cool-swim.com\/en\/\"},{\"@type\":\"ListItem\",\"position\":2,\"name\":\"Checkout\"}]},{\"@type\":\"WebSite\",\"@id\":\"https:\/\/www.cool-swim.com\/en\/#website\",\"url\":\"https:\/\/www.cool-swim.com\/en\/\",\"name\":\"Cool Swim - syst\u00e8me de protection anti-m\u00e9duse portable\",\"description\":\"syst\u00e8me de protection anti-m\u00e9duse portable\",\"publisher\":{\"@id\":\"https:\/\/www.cool-swim.com\/en\/#organization\"},\"potentialAction\":[{\"@type\":\"SearchAction\",\"target\":{\"@type\":\"EntryPoint\",\"urlTemplate\":\"https:\/\/www.cool-swim.com\/en\/?s={search_term_string}\"},\"query-input\":\"required name=search_term_string\"}],\"inLanguage\":\"en-US\"},{\"@type\":\"Organization\",\"@id\":\"https:\/\/www.cool-swim.com\/en\/#organization\",\"name\":\"Cool Swim\",\"url\":\"https:\/\/www.cool-swim.com\/en\/\",\"logo\":{\"@type\":\"ImageObject\",\"inLanguage\":\"en-US\",\"@id\":\"https:\/\/www.cool-swim.com\/en\/#\/schema\/logo\/image\/\",\"url\":\"https:\/\/www.cool-swim.com\/wp-content\/uploads\/2020\/06\/cool-swim-logo-4.png\",\"contentUrl\":\"https:\/\/www.cool-swim.com\/wp-content\/uploads\/2020\/06\/cool-swim-logo-4.png\",\"width\":1920,\"height\":521,\"caption\":\"Cool Swim\"},\"image\":{\"@id\":\"https:\/\/www.cool-swim.com\/en\/#\/schema\/logo\/image\/\"}}]}<\/script>\n<!-- \/ Yoast SEO plugin. -->","yoast_head_json":{"title":"Checkout - Cool Swim - syst\u00e8me de protection anti-m\u00e9duse portable","robots":{"index":"index","follow":"follow","max-snippet":"max-snippet:-1","max-image-preview":"max-image-preview:large","max-video-preview":"max-video-preview:-1"},"canonical":"https:\/\/www.cool-swim.com\/en\/checkout-2\/","og_locale":"en_US","og_type":"article","og_title":"Checkout - Cool Swim - syst\u00e8me de protection anti-m\u00e9duse portable","og_url":"https:\/\/www.cool-swim.com\/en\/checkout-2\/","og_site_name":"Cool Swim - syst\u00e8me de protection anti-m\u00e9duse portable","twitter_card":"summary_large_image","schema":{"@context":"https:\/\/schema.org","@graph":[{"@type":"WebPage","@id":"https:\/\/www.cool-swim.com\/en\/checkout-2\/","url":"https:\/\/www.cool-swim.com\/en\/checkout-2\/","name":"Checkout - Cool Swim - syst\u00e8me de protection anti-m\u00e9duse portable","isPartOf":{"@id":"https:\/\/www.cool-swim.com\/en\/#website"},"datePublished":"2020-07-20T13:19:29+00:00","dateModified":"2020-07-20T13:19:29+00:00","breadcrumb":{"@id":"https:\/\/www.cool-swim.com\/en\/checkout-2\/#breadcrumb"},"inLanguage":"en-US","potentialAction":[{"@type":"ReadAction","target":["https:\/\/www.cool-swim.com\/en\/checkout-2\/"]}]},{"@type":"BreadcrumbList","@id":"https:\/\/www.cool-swim.com\/en\/checkout-2\/#breadcrumb","itemListElement":[{"@type":"ListItem","position":1,"name":"Accueil","item":"https:\/\/www.cool-swim.com\/en\/"},{"@type":"ListItem","position":2,"name":"Checkout"}]},{"@type":"WebSite","@id":"https:\/\/www.cool-swim.com\/en\/#website","url":"https:\/\/www.cool-swim.com\/en\/","name":"Cool Swim - syst\u00e8me de protection anti-m\u00e9duse portable","description":"syst\u00e8me de protection anti-m\u00e9duse portable","publisher":{"@id":"https:\/\/www.cool-swim.com\/en\/#organization"},"potentialAction":[{"@type":"SearchAction","target":{"@type":"EntryPoint","urlTemplate":"https:\/\/www.cool-swim.com\/en\/?s={search_term_string}"},"query-input":"required name=search_term_string"}],"inLanguage":"en-US"},{"@type":"Organization","@id":"https:\/\/www.cool-swim.com\/en\/#organization","name":"Cool Swim","url":"https:\/\/www.cool-swim.com\/en\/","logo":{"@type":"ImageObject","inLanguage":"en-US","@id":"https:\/\/www.cool-swim.com\/en\/#\/schema\/logo\/image\/","url":"https:\/\/www.cool-swim.com\/wp-content\/uploads\/2020\/06\/cool-swim-logo-4.png","contentUrl":"https:\/\/www.cool-swim.com\/wp-content\/uploads\/2020\/06\/cool-swim-logo-4.png","width":1920,"height":521,"caption":"Cool Swim"},"image":{"@id":"https:\/\/www.cool-swim.com\/en\/#\/schema\/logo\/image\/"}}]}},"_links":{"self":[{"href":"https:\/\/www.cool-swim.com\/en\/wp-json\/wp\/v2\/pages\/9910"}],"collection":[{"href":"https:\/\/www.cool-swim.com\/en\/wp-json\/wp\/v2\/pages"}],"about":[{"href":"https:\/\/www.cool-swim.com\/en\/wp-json\/wp\/v2\/types\/page"}],"author":[{"embeddable":true,"href":"https:\/\/www.cool-swim.com\/en\/wp-json\/wp\/v2\/users\/1"}],"replies":[{"embeddable":true,"href":"https:\/\/www.cool-swim.com\/en\/wp-json\/wp\/v2\/comments?post=9910"}],"version-history":[{"count":0,"href":"https:\/\/www.cool-swim.com\/en\/wp-json\/wp\/v2\/pages\/9910\/revisions"}],"wp:attachment":[{"href":"https:\/\/www.cool-swim.com\/en\/wp-json\/wp\/v2\/media?parent=9910"}],"curies":[{"name":"wp","href":"https:\/\/api.w.org\/{rel}","templated":true}]}}