{"id":9868,"date":"2020-07-20T07:43:00","date_gmt":"2020-07-20T07:43:00","guid":{"rendered":"http:\/\/coolswim.resideasy.com\/how-they-work\/"},"modified":"2020-07-20T07:46:22","modified_gmt":"2020-07-20T07:46:22","slug":"how-they-work","status":"publish","type":"page","link":"https:\/\/www.cool-swim.com\/en\/how-they-work\/","title":{"rendered":"How they work ?"},"content":{"rendered":"<style type=\"text\/css\"><\/style>\n<section class=\"kc-elm kc-css-2674680 kc_row\">\n<div class=\"kc-row-container  kc-container\">\n<div class=\"kc-wrap-columns\">\n<div class=\"kc-elm kc-css-1783012 kc_col-sm-12 kc_column kc_col-sm-12\">\n<div class=\"kc-col-container\">\n<div class=\"kc-elm kc-css-4292514 kc-title-wrap \">\n<h1 class=\"kc_title\">Launching your Cool-Swim<\/h1>\n<\/div>\n<div class=\"kc-elm kc-css-3604685 kc_text_block\">\n<p>Start by taking the pool out of its storage bag and unraveling the pool on the swim platform, or on the side deck of your boat if you do not have a swim platform. Locate the tie strap on the outside of the pool nearest to the air valves and tie onto the tie strap a short length of rope to use as a security line (3 &#8211; 5 feet long). Use this line to control the pool as you feed the pool into the water, and then as you lay your swim ladder into the pool. When the pool is fully inflated tie this line to your swim ladder to secure the pool to your boat.<\/p>\n<\/div>\n<\/div>\n<\/div>\n<\/div>\n<\/div>\n<\/section>\n<section class=\"kc-elm kc-css-3830371 kc_row\">\n<div class=\"kc-row-container  kc-container\">\n<div class=\"kc-wrap-columns\">\n<div class=\"kc-elm kc-css-303287 kc_col-sm-12 kc_column kc_col-sm-12\">\n<div class=\"kc-col-container\">\n<div class=\"kc-elm kc-css-590931 kc_shortcode kc_video_play kc_video_wrapper\" data-video=\"https:\/\/youtu.be\/h9wwOSHi078\" data-width=\"600\" data-height=\"338.98305084746\" data-fullwidth=\"yes\" data-autoplay=\"\" data-loop=\"yes\" data-control=\"yes\" data-related=\"\" data-showinfo=\"\" data-kc-video-mute=\"\"><\/div>\n<\/div>\n<\/div>\n<\/div>\n<\/div>\n<\/section>\n<section class=\"kc-elm kc-css-779487 kc_row\">\n<div class=\"kc-row-container  kc-container\">\n<div class=\"kc-wrap-columns\">\n<div class=\"kc-elm kc-css-3318914 kc_col-sm-12 kc_column kc_col-sm-12\">\n<div class=\"kc-col-container\">\n<div class=\"kc-elm kc-css-4004991 kc_text_block\">\n<p>To inflate the pool, put the air valves on the pool into the closed position, and begin pumping with the enclosed foot pump. Feed the pool into the water as you inflate it. In the event of a strong current, there are four tie straps on the bottom of the netting: these straps can be used to attach more weight.<\/p>\n<p>It is highly recommended not to deploy the pool in less than 10 feet (3 meters) of water!<br \/>\nOnce the pool is fully inflated, remove the foot pump from the valves and put the dust covers back on the valves. Lay your swim ladder into the pool and tie the security line to your swim ladder. You are now ready to swim. Enjoy!<\/p>\n<\/div>\n<\/div>\n<\/div>\n<\/div>\n<\/div>\n<\/section>\n<section class=\"kc-elm kc-css-3586910 kc_row\">\n<div class=\"kc-row-container  kc-container\">\n<div class=\"kc-wrap-columns\">\n<div class=\"kc-elm kc-css-2153196 kc_col-sm-12 kc_column kc_col-sm-12\">\n<div class=\"kc-col-container\">\n<div class=\"kc-elm kc-css-756633 kc-title-wrap \">\n<h1 class=\"kc_title\">Retrieving your Cool-Swim<\/h1>\n<\/div>\n<div class=\"kc-elm kc-css-432282 kc_text_block\">\n<p>To retrieve the pool, first untie the security line from the swim ladder. Hold on to the security line and lift the swim ladder out of the pool. Open the air valves dust covers on the float ring and put the valves into the open position. Much of the air in the float ring will rush right out. Gently, hand over hand; bring the pool up out of the water and onto the swim platform or the side deck of the boat. Let any water drain from the netting.<\/p>\n<\/div>\n<\/div>\n<\/div>\n<\/div>\n<\/div>\n<\/section>\n<section class=\"kc-elm kc-css-3867509 kc_row\">\n<div class=\"kc-row-container  kc-container\">\n<div class=\"kc-wrap-columns\">\n<div class=\"kc-elm kc-css-1978066 kc_col-sm-12 kc_column kc_col-sm-12\">\n<div class=\"kc-col-container\">\n<div class=\"kc-elm kc-css-419870 kc-title-wrap \">\n<h1 class=\"kc_title\">Rinsing, Drying, and Storing your Cool-Swim<\/h1>\n<\/div>\n<div class=\"kc-elm kc-css-3366234 kc_text_block\">\n<p>If you want to dry the pool right away, you can spread it out on your deck to dry. If you are heading to another anchorage, you can let the pool sit in your cockpit or on your aft deck or you may wish to temporarily store it in a plastic bag.<\/p>\n<p>Before storing your pool, rinse it with fresh water and let it fully dry in the sun. To roll up the pool, lay the pool out and find the end of the float ring opposite the air valve. There should be a tie strap near that position. Put the valves into the open position. Begin rolling the float ring from the end opposite the valves, with the float ring material doubled over. Gather and flip the netting material occasionally as you roll the float ring. Rolling the float ring with the air valves open squeezes any remaining air out of the float ring. When you are done rolling, put the air valves back into the closed position for storage, and in preparation for the next time you will inflate the pool. Close the dust covers on the valves. Fold the netting material over the valves to protect them, and stuff the pool back into its storage bag. The Cool-Swim is ready for storage<\/p>\n<\/div>\n<\/div>\n<\/div>\n<\/div>\n<\/div>\n<\/section>\n<section class=\"kc-elm kc-css-1256324 kc_row\">\n<div class=\"kc-row-container  kc-container\">\n<div class=\"kc-wrap-columns\">\n<div class=\"kc-elm kc-css-1261011 kc_col-sm-12 kc_column kc_col-sm-12\">\n<div class=\"kc-col-container\">\n<div class=\"kc-elm kc-css-1835789 kc-title-wrap \">\n<h1 class=\"kc_title\">Minor repairs<\/h1>\n<\/div>\n<div class=\"kc-elm kc-css-440358 kc_text_block\">\n<p>Your Cool-Swim comes equipped with a repair kit for minor leaks on the float ring, for small tears in the netting use nylon or polyester thread.<\/p>\n<p>You can always contact us for an estimate concerning more serious repairs.<\/p>\n<\/div>\n<\/div>\n<\/div>\n<\/div>\n<\/div>\n<\/section>\n","protected":false},"excerpt":{"rendered":"<p>Launching your Cool-Swim Start by taking the pool out of its storage bag and unraveling the pool on the swim platform, or on the side deck of your boat if you do not have a swim platform. Locate the tie strap on the outside of the pool nearest to the air valves and tie onto &hellip; <a href=\"https:\/\/www.cool-swim.com\/en\/how-they-work\/\" class=\"more-link\">Continue reading <span class=\"screen-reader-text\">How they work ?<\/span> <span class=\"meta-nav\">&rarr;<\/span><\/a><\/p>\n","protected":false},"author":1,"featured_media":9467,"parent":0,"menu_order":0,"comment_status":"closed","ping_status":"closed","template":"","meta":{"ngg_post_thumbnail":0,"footnotes":""},"yoast_head":"<!-- This site is optimized with the Yoast SEO plugin v21.2 - https:\/\/yoast.com\/wordpress\/plugins\/seo\/ -->\n<title>How they work ? - Cool Swim - syst\u00e8me de protection anti-m\u00e9duse portable<\/title>\n<meta name=\"robots\" content=\"index, follow, max-snippet:-1, max-image-preview:large, max-video-preview:-1\" \/>\n<link rel=\"canonical\" href=\"https:\/\/www.cool-swim.com\/en\/how-they-work\/\" \/>\n<meta property=\"og:locale\" content=\"en_US\" \/>\n<meta property=\"og:type\" content=\"article\" \/>\n<meta property=\"og:title\" content=\"How they work ? - Cool Swim - syst\u00e8me de protection anti-m\u00e9duse portable\" \/>\n<meta property=\"og:description\" content=\"Launching your Cool-Swim Start by taking the pool out of its storage bag and unraveling the pool on the swim platform, or on the side deck of your boat if you do not have a swim platform. Locate the tie strap on the outside of the pool nearest to the air valves and tie onto &hellip; Continue reading How they work ? &rarr;\" \/>\n<meta property=\"og:url\" content=\"https:\/\/www.cool-swim.com\/en\/how-they-work\/\" \/>\n<meta property=\"og:site_name\" content=\"Cool Swim - syst\u00e8me de protection anti-m\u00e9duse portable\" \/>\n<meta property=\"article:modified_time\" content=\"2020-07-20T07:46:22+00:00\" \/>\n<meta property=\"og:image\" content=\"https:\/\/www.cool-swim.com\/wp-content\/uploads\/2020\/06\/Copie-de-cool-swim.png\" \/>\n\t<meta property=\"og:image:width\" content=\"1700\" \/>\n\t<meta property=\"og:image:height\" content=\"600\" \/>\n\t<meta property=\"og:image:type\" content=\"image\/png\" \/>\n<meta name=\"twitter:card\" content=\"summary_large_image\" \/>\n<meta name=\"twitter:label1\" content=\"Est. reading time\" \/>\n\t<meta name=\"twitter:data1\" content=\"3 minutes\" \/>\n<script type=\"application\/ld+json\" class=\"yoast-schema-graph\">{\"@context\":\"https:\/\/schema.org\",\"@graph\":[{\"@type\":\"WebPage\",\"@id\":\"https:\/\/www.cool-swim.com\/en\/how-they-work\/\",\"url\":\"https:\/\/www.cool-swim.com\/en\/how-they-work\/\",\"name\":\"How they work ? - Cool Swim - syst\u00e8me de protection anti-m\u00e9duse portable\",\"isPartOf\":{\"@id\":\"https:\/\/www.cool-swim.com\/en\/#website\"},\"datePublished\":\"2020-07-20T07:43:00+00:00\",\"dateModified\":\"2020-07-20T07:46:22+00:00\",\"breadcrumb\":{\"@id\":\"https:\/\/www.cool-swim.com\/en\/how-they-work\/#breadcrumb\"},\"inLanguage\":\"en-US\",\"potentialAction\":[{\"@type\":\"ReadAction\",\"target\":[\"https:\/\/www.cool-swim.com\/en\/how-they-work\/\"]}]},{\"@type\":\"BreadcrumbList\",\"@id\":\"https:\/\/www.cool-swim.com\/en\/how-they-work\/#breadcrumb\",\"itemListElement\":[{\"@type\":\"ListItem\",\"position\":1,\"name\":\"Accueil\",\"item\":\"https:\/\/www.cool-swim.com\/en\/\"},{\"@type\":\"ListItem\",\"position\":2,\"name\":\"How they work ?\"}]},{\"@type\":\"WebSite\",\"@id\":\"https:\/\/www.cool-swim.com\/en\/#website\",\"url\":\"https:\/\/www.cool-swim.com\/en\/\",\"name\":\"Cool Swim - syst\u00e8me de protection anti-m\u00e9duse portable\",\"description\":\"syst\u00e8me de protection anti-m\u00e9duse portable\",\"publisher\":{\"@id\":\"https:\/\/www.cool-swim.com\/en\/#organization\"},\"potentialAction\":[{\"@type\":\"SearchAction\",\"target\":{\"@type\":\"EntryPoint\",\"urlTemplate\":\"https:\/\/www.cool-swim.com\/en\/?s={search_term_string}\"},\"query-input\":\"required name=search_term_string\"}],\"inLanguage\":\"en-US\"},{\"@type\":\"Organization\",\"@id\":\"https:\/\/www.cool-swim.com\/en\/#organization\",\"name\":\"Cool Swim\",\"url\":\"https:\/\/www.cool-swim.com\/en\/\",\"logo\":{\"@type\":\"ImageObject\",\"inLanguage\":\"en-US\",\"@id\":\"https:\/\/www.cool-swim.com\/en\/#\/schema\/logo\/image\/\",\"url\":\"https:\/\/www.cool-swim.com\/wp-content\/uploads\/2020\/06\/cool-swim-logo-4.png\",\"contentUrl\":\"https:\/\/www.cool-swim.com\/wp-content\/uploads\/2020\/06\/cool-swim-logo-4.png\",\"width\":1920,\"height\":521,\"caption\":\"Cool Swim\"},\"image\":{\"@id\":\"https:\/\/www.cool-swim.com\/en\/#\/schema\/logo\/image\/\"}}]}<\/script>\n<!-- \/ Yoast SEO plugin. -->","yoast_head_json":{"title":"How they work ? - Cool Swim - syst\u00e8me de protection anti-m\u00e9duse portable","robots":{"index":"index","follow":"follow","max-snippet":"max-snippet:-1","max-image-preview":"max-image-preview:large","max-video-preview":"max-video-preview:-1"},"canonical":"https:\/\/www.cool-swim.com\/en\/how-they-work\/","og_locale":"en_US","og_type":"article","og_title":"How they work ? - Cool Swim - syst\u00e8me de protection anti-m\u00e9duse portable","og_description":"Launching your Cool-Swim Start by taking the pool out of its storage bag and unraveling the pool on the swim platform, or on the side deck of your boat if you do not have a swim platform. Locate the tie strap on the outside of the pool nearest to the air valves and tie onto &hellip; Continue reading How they work ? &rarr;","og_url":"https:\/\/www.cool-swim.com\/en\/how-they-work\/","og_site_name":"Cool Swim - syst\u00e8me de protection anti-m\u00e9duse portable","article_modified_time":"2020-07-20T07:46:22+00:00","og_image":[{"width":1700,"height":600,"url":"https:\/\/www.cool-swim.com\/wp-content\/uploads\/2020\/06\/Copie-de-cool-swim.png","type":"image\/png"}],"twitter_card":"summary_large_image","twitter_misc":{"Est. reading time":"3 minutes"},"schema":{"@context":"https:\/\/schema.org","@graph":[{"@type":"WebPage","@id":"https:\/\/www.cool-swim.com\/en\/how-they-work\/","url":"https:\/\/www.cool-swim.com\/en\/how-they-work\/","name":"How they work ? - Cool Swim - syst\u00e8me de protection anti-m\u00e9duse portable","isPartOf":{"@id":"https:\/\/www.cool-swim.com\/en\/#website"},"datePublished":"2020-07-20T07:43:00+00:00","dateModified":"2020-07-20T07:46:22+00:00","breadcrumb":{"@id":"https:\/\/www.cool-swim.com\/en\/how-they-work\/#breadcrumb"},"inLanguage":"en-US","potentialAction":[{"@type":"ReadAction","target":["https:\/\/www.cool-swim.com\/en\/how-they-work\/"]}]},{"@type":"BreadcrumbList","@id":"https:\/\/www.cool-swim.com\/en\/how-they-work\/#breadcrumb","itemListElement":[{"@type":"ListItem","position":1,"name":"Accueil","item":"https:\/\/www.cool-swim.com\/en\/"},{"@type":"ListItem","position":2,"name":"How they work ?"}]},{"@type":"WebSite","@id":"https:\/\/www.cool-swim.com\/en\/#website","url":"https:\/\/www.cool-swim.com\/en\/","name":"Cool Swim - syst\u00e8me de protection anti-m\u00e9duse portable","description":"syst\u00e8me de protection anti-m\u00e9duse portable","publisher":{"@id":"https:\/\/www.cool-swim.com\/en\/#organization"},"potentialAction":[{"@type":"SearchAction","target":{"@type":"EntryPoint","urlTemplate":"https:\/\/www.cool-swim.com\/en\/?s={search_term_string}"},"query-input":"required name=search_term_string"}],"inLanguage":"en-US"},{"@type":"Organization","@id":"https:\/\/www.cool-swim.com\/en\/#organization","name":"Cool Swim","url":"https:\/\/www.cool-swim.com\/en\/","logo":{"@type":"ImageObject","inLanguage":"en-US","@id":"https:\/\/www.cool-swim.com\/en\/#\/schema\/logo\/image\/","url":"https:\/\/www.cool-swim.com\/wp-content\/uploads\/2020\/06\/cool-swim-logo-4.png","contentUrl":"https:\/\/www.cool-swim.com\/wp-content\/uploads\/2020\/06\/cool-swim-logo-4.png","width":1920,"height":521,"caption":"Cool Swim"},"image":{"@id":"https:\/\/www.cool-swim.com\/en\/#\/schema\/logo\/image\/"}}]}},"_links":{"self":[{"href":"https:\/\/www.cool-swim.com\/en\/wp-json\/wp\/v2\/pages\/9868"}],"collection":[{"href":"https:\/\/www.cool-swim.com\/en\/wp-json\/wp\/v2\/pages"}],"about":[{"href":"https:\/\/www.cool-swim.com\/en\/wp-json\/wp\/v2\/types\/page"}],"author":[{"embeddable":true,"href":"https:\/\/www.cool-swim.com\/en\/wp-json\/wp\/v2\/users\/1"}],"replies":[{"embeddable":true,"href":"https:\/\/www.cool-swim.com\/en\/wp-json\/wp\/v2\/comments?post=9868"}],"version-history":[{"count":1,"href":"https:\/\/www.cool-swim.com\/en\/wp-json\/wp\/v2\/pages\/9868\/revisions"}],"predecessor-version":[{"id":9869,"href":"https:\/\/www.cool-swim.com\/en\/wp-json\/wp\/v2\/pages\/9868\/revisions\/9869"}],"wp:featuredmedia":[{"embeddable":true,"href":"https:\/\/www.cool-swim.com\/en\/wp-json\/wp\/v2\/media\/9467"}],"wp:attachment":[{"href":"https:\/\/www.cool-swim.com\/en\/wp-json\/wp\/v2\/media?parent=9868"}],"curies":[{"name":"wp","href":"https:\/\/api.w.org\/{rel}","templated":true}]}}