{"id":10146,"date":"2020-08-06T07:56:13","date_gmt":"2020-08-06T07:56:13","guid":{"rendered":"http:\/\/coolswim.resideasy.com\/photos\/"},"modified":"2020-08-06T07:57:33","modified_gmt":"2020-08-06T07:57:33","slug":"photos","status":"publish","type":"page","link":"https:\/\/www.cool-swim.com\/en\/photos\/","title":{"rendered":"Pictures"},"content":{"rendered":"<style type=\"text\/css\"><\/style>\n<section class=\"kc-elm kc-css-390561 kc_row\">\n<div class=\"kc-row-container  kc-container\">\n<div class=\"kc-wrap-columns\">\n<div class=\"kc-elm kc-css-746721 kc_col-sm-12 kc_column kc_col-sm-12\">\n<div class=\"kc-col-container\">\n<div class=\"kc-elm kc-css-863405\" style=\"height: 61px; clear: both; width:100%;\"><\/div>\n<div class=\"kc-elm kc-css-722427 kc-title-wrap \">\n<h1 class=\"kc_title\">Photos<\/h1>\n<\/div>\n<div class=\"kc-image-gallery kc-elm kc-css-442661\">\n<div class=\"kc_image_gallery kc-carousel-image kc-grid \" data-image_masonry=\"yes\">\n<div class=\"item-grid grid-3\"><a class=\"kc-image-link kc-pretty-photo\" data-lightbox=\"kc-lightbox\" rel=\"kc-pretty-photo[5477312]\" href=\"https:\/\/www.cool-swim.com\/wp-content\/uploads\/2020\/07\/DJI00002-simu_resultat.jpg\"><img decoding=\"async\" src=\"https:\/\/www.cool-swim.com\/wp-content\/uploads\/2020\/07\/DJI00002-simu_resultat.jpg\" alt=\"\"\/><\/a><\/div>\n<div class=\"item-grid grid-3\"><a class=\"kc-image-link kc-pretty-photo\" data-lightbox=\"kc-lightbox\" rel=\"kc-pretty-photo[5477312]\" href=\"https:\/\/www.cool-swim.com\/wp-content\/uploads\/2020\/07\/20160607_134313_resultat.jpg\"><img decoding=\"async\" src=\"https:\/\/www.cool-swim.com\/wp-content\/uploads\/2020\/07\/20160607_134313_resultat.jpg\" alt=\"\"\/><\/a><\/div>\n<div class=\"item-grid grid-3\"><a class=\"kc-image-link kc-pretty-photo\" data-lightbox=\"kc-lightbox\" rel=\"kc-pretty-photo[5477312]\" href=\"https:\/\/www.cool-swim.com\/wp-content\/uploads\/2020\/07\/2016-06-07-13.38.21_resultat.jpg\"><img decoding=\"async\" src=\"https:\/\/www.cool-swim.com\/wp-content\/uploads\/2020\/07\/2016-06-07-13.38.21_resultat.jpg\" alt=\"\"\/><\/a><\/div>\n<div class=\"item-grid grid-3\"><a class=\"kc-image-link kc-pretty-photo\" data-lightbox=\"kc-lightbox\" rel=\"kc-pretty-photo[5477312]\" href=\"https:\/\/www.cool-swim.com\/wp-content\/uploads\/2020\/07\/2016-06-07-13.30.31_resultat.jpg\"><img decoding=\"async\" src=\"https:\/\/www.cool-swim.com\/wp-content\/uploads\/2020\/07\/2016-06-07-13.30.31_resultat.jpg\" alt=\"\"\/><\/a><\/div>\n<div class=\"item-grid grid-3\"><a class=\"kc-image-link kc-pretty-photo\" data-lightbox=\"kc-lightbox\" rel=\"kc-pretty-photo[5477312]\" href=\"https:\/\/www.cool-swim.com\/wp-content\/uploads\/2020\/07\/2016-06-07-13.29.08_resultat.jpg\"><img decoding=\"async\" src=\"https:\/\/www.cool-swim.com\/wp-content\/uploads\/2020\/07\/2016-06-07-13.29.08_resultat.jpg\" alt=\"\"\/><\/a><\/div>\n<div class=\"item-grid grid-3\"><a class=\"kc-image-link kc-pretty-photo\" data-lightbox=\"kc-lightbox\" rel=\"kc-pretty-photo[5477312]\" href=\"https:\/\/www.cool-swim.com\/wp-content\/uploads\/2020\/07\/2016-06-07-13.22.05_resultat.jpg\"><img decoding=\"async\" src=\"https:\/\/www.cool-swim.com\/wp-content\/uploads\/2020\/07\/2016-06-07-13.22.05_resultat.jpg\" alt=\"\"\/><\/a><\/div>\n<\/div>\n<\/div>\n<div class=\"kc-elm kc-css-118128\" style=\"height: 61px; clear: both; width:100%;\"><\/div>\n<\/div>\n<\/div>\n<\/div>\n<\/div>\n<\/section>\n","protected":false},"excerpt":{"rendered":"<p>Photos<\/p>\n","protected":false},"author":1,"featured_media":0,"parent":0,"menu_order":0,"comment_status":"closed","ping_status":"closed","template":"","meta":{"ngg_post_thumbnail":0,"footnotes":""},"yoast_head":"<!-- This site is optimized with the Yoast SEO plugin v21.2 - https:\/\/yoast.com\/wordpress\/plugins\/seo\/ -->\n<title>Pictures - Cool Swim - syst\u00e8me de protection anti-m\u00e9duse portable<\/title>\n<meta name=\"robots\" content=\"index, follow, max-snippet:-1, max-image-preview:large, max-video-preview:-1\" \/>\n<link rel=\"canonical\" href=\"https:\/\/www.cool-swim.com\/en\/photos\/\" \/>\n<meta property=\"og:locale\" content=\"en_US\" \/>\n<meta property=\"og:type\" content=\"article\" \/>\n<meta property=\"og:title\" content=\"Pictures - Cool Swim - syst\u00e8me de protection anti-m\u00e9duse portable\" \/>\n<meta property=\"og:description\" content=\"Photos\" \/>\n<meta property=\"og:url\" content=\"https:\/\/www.cool-swim.com\/en\/photos\/\" \/>\n<meta property=\"og:site_name\" content=\"Cool Swim - syst\u00e8me de protection anti-m\u00e9duse portable\" \/>\n<meta property=\"article:modified_time\" content=\"2020-08-06T07:57:33+00:00\" \/>\n<meta property=\"og:image\" content=\"https:\/\/www.cool-swim.com\/wp-content\/uploads\/2020\/07\/DJI00002-simu_resultat.jpg\" \/>\n<meta name=\"twitter:card\" content=\"summary_large_image\" \/>\n<script type=\"application\/ld+json\" class=\"yoast-schema-graph\">{\"@context\":\"https:\/\/schema.org\",\"@graph\":[{\"@type\":\"WebPage\",\"@id\":\"https:\/\/www.cool-swim.com\/en\/photos\/\",\"url\":\"https:\/\/www.cool-swim.com\/en\/photos\/\",\"name\":\"Pictures - Cool Swim - syst\u00e8me de protection anti-m\u00e9duse portable\",\"isPartOf\":{\"@id\":\"https:\/\/www.cool-swim.com\/en\/#website\"},\"datePublished\":\"2020-08-06T07:56:13+00:00\",\"dateModified\":\"2020-08-06T07:57:33+00:00\",\"breadcrumb\":{\"@id\":\"https:\/\/www.cool-swim.com\/en\/photos\/#breadcrumb\"},\"inLanguage\":\"en-US\",\"potentialAction\":[{\"@type\":\"ReadAction\",\"target\":[\"https:\/\/www.cool-swim.com\/en\/photos\/\"]}]},{\"@type\":\"BreadcrumbList\",\"@id\":\"https:\/\/www.cool-swim.com\/en\/photos\/#breadcrumb\",\"itemListElement\":[{\"@type\":\"ListItem\",\"position\":1,\"name\":\"Accueil\",\"item\":\"https:\/\/www.cool-swim.com\/en\/\"},{\"@type\":\"ListItem\",\"position\":2,\"name\":\"Pictures\"}]},{\"@type\":\"WebSite\",\"@id\":\"https:\/\/www.cool-swim.com\/en\/#website\",\"url\":\"https:\/\/www.cool-swim.com\/en\/\",\"name\":\"Cool Swim - syst\u00e8me de protection anti-m\u00e9duse portable\",\"description\":\"syst\u00e8me de protection anti-m\u00e9duse portable\",\"publisher\":{\"@id\":\"https:\/\/www.cool-swim.com\/en\/#organization\"},\"potentialAction\":[{\"@type\":\"SearchAction\",\"target\":{\"@type\":\"EntryPoint\",\"urlTemplate\":\"https:\/\/www.cool-swim.com\/en\/?s={search_term_string}\"},\"query-input\":\"required name=search_term_string\"}],\"inLanguage\":\"en-US\"},{\"@type\":\"Organization\",\"@id\":\"https:\/\/www.cool-swim.com\/en\/#organization\",\"name\":\"Cool Swim\",\"url\":\"https:\/\/www.cool-swim.com\/en\/\",\"logo\":{\"@type\":\"ImageObject\",\"inLanguage\":\"en-US\",\"@id\":\"https:\/\/www.cool-swim.com\/en\/#\/schema\/logo\/image\/\",\"url\":\"https:\/\/www.cool-swim.com\/wp-content\/uploads\/2020\/06\/cool-swim-logo-4.png\",\"contentUrl\":\"https:\/\/www.cool-swim.com\/wp-content\/uploads\/2020\/06\/cool-swim-logo-4.png\",\"width\":1920,\"height\":521,\"caption\":\"Cool Swim\"},\"image\":{\"@id\":\"https:\/\/www.cool-swim.com\/en\/#\/schema\/logo\/image\/\"}}]}<\/script>\n<!-- \/ Yoast SEO plugin. -->","yoast_head_json":{"title":"Pictures - Cool Swim - syst\u00e8me de protection anti-m\u00e9duse portable","robots":{"index":"index","follow":"follow","max-snippet":"max-snippet:-1","max-image-preview":"max-image-preview:large","max-video-preview":"max-video-preview:-1"},"canonical":"https:\/\/www.cool-swim.com\/en\/photos\/","og_locale":"en_US","og_type":"article","og_title":"Pictures - Cool Swim - syst\u00e8me de protection anti-m\u00e9duse portable","og_description":"Photos","og_url":"https:\/\/www.cool-swim.com\/en\/photos\/","og_site_name":"Cool Swim - syst\u00e8me de protection anti-m\u00e9duse portable","article_modified_time":"2020-08-06T07:57:33+00:00","og_image":[{"url":"https:\/\/www.cool-swim.com\/wp-content\/uploads\/2020\/07\/DJI00002-simu_resultat.jpg"}],"twitter_card":"summary_large_image","schema":{"@context":"https:\/\/schema.org","@graph":[{"@type":"WebPage","@id":"https:\/\/www.cool-swim.com\/en\/photos\/","url":"https:\/\/www.cool-swim.com\/en\/photos\/","name":"Pictures - Cool Swim - syst\u00e8me de protection anti-m\u00e9duse portable","isPartOf":{"@id":"https:\/\/www.cool-swim.com\/en\/#website"},"datePublished":"2020-08-06T07:56:13+00:00","dateModified":"2020-08-06T07:57:33+00:00","breadcrumb":{"@id":"https:\/\/www.cool-swim.com\/en\/photos\/#breadcrumb"},"inLanguage":"en-US","potentialAction":[{"@type":"ReadAction","target":["https:\/\/www.cool-swim.com\/en\/photos\/"]}]},{"@type":"BreadcrumbList","@id":"https:\/\/www.cool-swim.com\/en\/photos\/#breadcrumb","itemListElement":[{"@type":"ListItem","position":1,"name":"Accueil","item":"https:\/\/www.cool-swim.com\/en\/"},{"@type":"ListItem","position":2,"name":"Pictures"}]},{"@type":"WebSite","@id":"https:\/\/www.cool-swim.com\/en\/#website","url":"https:\/\/www.cool-swim.com\/en\/","name":"Cool Swim - syst\u00e8me de protection anti-m\u00e9duse portable","description":"syst\u00e8me de protection anti-m\u00e9duse portable","publisher":{"@id":"https:\/\/www.cool-swim.com\/en\/#organization"},"potentialAction":[{"@type":"SearchAction","target":{"@type":"EntryPoint","urlTemplate":"https:\/\/www.cool-swim.com\/en\/?s={search_term_string}"},"query-input":"required name=search_term_string"}],"inLanguage":"en-US"},{"@type":"Organization","@id":"https:\/\/www.cool-swim.com\/en\/#organization","name":"Cool Swim","url":"https:\/\/www.cool-swim.com\/en\/","logo":{"@type":"ImageObject","inLanguage":"en-US","@id":"https:\/\/www.cool-swim.com\/en\/#\/schema\/logo\/image\/","url":"https:\/\/www.cool-swim.com\/wp-content\/uploads\/2020\/06\/cool-swim-logo-4.png","contentUrl":"https:\/\/www.cool-swim.com\/wp-content\/uploads\/2020\/06\/cool-swim-logo-4.png","width":1920,"height":521,"caption":"Cool Swim"},"image":{"@id":"https:\/\/www.cool-swim.com\/en\/#\/schema\/logo\/image\/"}}]}},"_links":{"self":[{"href":"https:\/\/www.cool-swim.com\/en\/wp-json\/wp\/v2\/pages\/10146"}],"collection":[{"href":"https:\/\/www.cool-swim.com\/en\/wp-json\/wp\/v2\/pages"}],"about":[{"href":"https:\/\/www.cool-swim.com\/en\/wp-json\/wp\/v2\/types\/page"}],"author":[{"embeddable":true,"href":"https:\/\/www.cool-swim.com\/en\/wp-json\/wp\/v2\/users\/1"}],"replies":[{"embeddable":true,"href":"https:\/\/www.cool-swim.com\/en\/wp-json\/wp\/v2\/comments?post=10146"}],"version-history":[{"count":1,"href":"https:\/\/www.cool-swim.com\/en\/wp-json\/wp\/v2\/pages\/10146\/revisions"}],"predecessor-version":[{"id":10147,"href":"https:\/\/www.cool-swim.com\/en\/wp-json\/wp\/v2\/pages\/10146\/revisions\/10147"}],"wp:attachment":[{"href":"https:\/\/www.cool-swim.com\/en\/wp-json\/wp\/v2\/media?parent=10146"}],"curies":[{"name":"wp","href":"https:\/\/api.w.org\/{rel}","templated":true}]}}