{"id":10095,"date":"2020-07-24T08:00:48","date_gmt":"2020-07-24T08:00:48","guid":{"rendered":"http:\/\/coolswim.resideasy.com\/contact\/"},"modified":"2020-07-24T08:00:48","modified_gmt":"2020-07-24T08:00:48","slug":"contact","status":"publish","type":"page","link":"https:\/\/www.cool-swim.com\/en\/contact\/","title":{"rendered":"Contact"},"content":{"rendered":"<section class=\"kc-elm kc-css-733247 kc_row\"><div class=\"kc-row-container  kc-container\"><div class=\"kc-wrap-columns\"><div class=\"kc-elm kc-css-409699 kc_col-sm-6 kc_column kc_col-sm-6\"><div class=\"kc-col-container\">\n<div class=\"kc-elm kc-css-546553 kc-title-wrap \">\n\n\t<h3 class=\"kc_title\">Contact<\/h3>\n<\/div>\n<div class=\"kc-elm kc-css-455783 kc_text_block\"><\/p>\n<p>\nVous souhaitez avoir plus de renseignements ou tout simplement prendre contact avec notre \u00e9quipe ?<\/p>\n<p>\n<\/div>\n<div class=\"wpcf7 no-js\" id=\"wpcf7-f4-o1\" lang=\"fr-FR\" dir=\"ltr\">\n<div class=\"screen-reader-response\"><p role=\"status\" aria-live=\"polite\" aria-atomic=\"true\"><\/p> <ul><\/ul><\/div>\n<form action=\"\/en\/wp-json\/wp\/v2\/pages\/10095#wpcf7-f4-o1\" method=\"post\" class=\"wpcf7-form init\" aria-label=\"Formulaire de contact\" novalidate=\"novalidate\" data-status=\"init\">\n<div style=\"display: none;\">\n<input type=\"hidden\" name=\"_wpcf7\" value=\"4\" \/>\n<input type=\"hidden\" name=\"_wpcf7_version\" value=\"5.9.5\" \/>\n<input type=\"hidden\" name=\"_wpcf7_locale\" value=\"fr_FR\" \/>\n<input type=\"hidden\" name=\"_wpcf7_unit_tag\" value=\"wpcf7-f4-o1\" \/>\n<input type=\"hidden\" name=\"_wpcf7_container_post\" value=\"0\" \/>\n<input type=\"hidden\" name=\"_wpcf7_posted_data_hash\" value=\"\" \/>\n<input type=\"hidden\" name=\"_wpcf7_recaptcha_response\" value=\"\" \/>\n<\/div>\n<div class=\"row\">\n\t<div class=\"form-group col-md-6 col-sm-12\">\n\t\t<p><span class=\"wpcf7-form-control-wrap\" data-name=\"text-799\"><input size=\"40\" class=\"wpcf7-form-control wpcf7-text wpcf7-validates-as-required form-control\" id=\"your_name\" aria-required=\"true\" aria-invalid=\"false\" placeholder=\"Nom*\" value=\"\" type=\"text\" name=\"text-799\" \/><\/span>\n\t\t<\/p>\n\t<\/div>\n\t<div class=\"form-group col-md-6 col-sm-12\">\n\t\t<p><span class=\"wpcf7-form-control-wrap\" data-name=\"email-257\"><input size=\"40\" class=\"wpcf7-form-control wpcf7-email wpcf7-validates-as-required wpcf7-text wpcf7-validates-as-email form-control\" id=\"your_email\" aria-required=\"true\" aria-invalid=\"false\" placeholder=\"Email*\" value=\"\" type=\"email\" name=\"email-257\" \/><\/span>\n\t\t<\/p>\n\t<\/div>\n<\/div>\n<div class=\"form-group\">\n\t<p><span class=\"wpcf7-form-control-wrap\" data-name=\"text-144\"><input size=\"40\" class=\"wpcf7-form-control wpcf7-text form-control\" id=\"contact_subject\" aria-invalid=\"false\" placeholder=\"Sujet\" value=\"\" type=\"text\" name=\"text-144\" \/><\/span>\n\t<\/p>\n<\/div>\n<div class=\"form-group area-content\">\n\t<p><span class=\"wpcf7-form-control-wrap\" data-name=\"textarea-552\"><textarea cols=\"40\" rows=\"10\" class=\"wpcf7-form-control wpcf7-textarea form-control\" id=\"your_message\" aria-invalid=\"false\" placeholder=\"Message\" name=\"textarea-552\"><\/textarea><\/span>\n\t<\/p>\n<\/div>\n<div class=\"form-group\">\n\t<p><input class=\"wpcf7-form-control wpcf7-submit has-spinner btn btn-primary\" type=\"submit\" value=\"Envoyer\" \/>\n\t<\/p>\n<\/div><div class=\"wpcf7-response-output\" aria-hidden=\"true\"><\/div>\n<\/form>\n<\/div>\n<\/div><\/div><div class=\"kc-elm kc-css-543408 kc_col-sm-6 kc_column kc_col-sm-6\"><div class=\"kc-col-container\"><div class=\"kc-elm kc-css-182349 kc_google_maps kc_shortcode\"><div style=\"height: 300pxpx\" class=\"kc-google-maps\"><iframe loading=\"lazy\" src=\"https:\/\/www.google.com\/maps\/embed?pb=!1m18!1m12!1m3!1d2892.196926427089!2d7.0281734154940745!3d43.539936779125334!2m3!1f0!2f0!3f0!3m2!1i1024!2i768!4f13.1!3m3!1m2!1s0x0%3A0x52f7f40bbba7222c!2sLocarama!5e0!3m2!1sfr!2sfr!4v1594189847101!5m2!1sfr!2sfr\" width=\"100%\" height=\"300\" frameborder=\"0\" style=\"border:0;\" allowfullscreen=\"\" aria-hidden=\"false\" tabindex=\"0\"><\/iframe><\/div><\/div>\n<div class=\"kc-elm kc-css-6720061|color: black; kc-css-178726 kc-title-wrap \">\n\n\t<h4 class=\"kc_title\">Contact FRANCE<\/h4>\n<\/div>\n<div class=\"kc-elm kc-css-187098 kc_text_block\"><\/p>\n<p><strong>LOCARAMA<\/strong><\/p>\n<p>Port Pierre Canto &#8211; La Croisette<br \/>06400 CANNES -FRANCE<\/p>\n<p>T\u00e9l : +33 (0)4 93 94 45 81<br \/>Fax : +33 (0)4 93 436 820<br \/>Gsm : +352 691 525612<br \/>Web:\u00a0<a href=\"http:\/\/www.cannesboat.com\/\" target=\"_blank\" rel=\"noopener noreferrer\" class=\"broken_link\">www.cannesboat.com<\/a><\/p>\n<p>\n<\/div><\/div><\/div><\/div><\/div><\/section>\n","protected":false},"excerpt":{"rendered":"","protected":false},"author":1,"featured_media":0,"parent":0,"menu_order":0,"comment_status":"closed","ping_status":"closed","template":"","meta":{"ngg_post_thumbnail":0,"footnotes":""},"yoast_head":"<!-- This site is optimized with the Yoast SEO plugin v21.2 - https:\/\/yoast.com\/wordpress\/plugins\/seo\/ -->\n<title>Contact - Cool Swim - syst\u00e8me de protection anti-m\u00e9duse portable<\/title>\n<meta name=\"robots\" content=\"index, follow, max-snippet:-1, max-image-preview:large, max-video-preview:-1\" \/>\n<link rel=\"canonical\" href=\"https:\/\/www.cool-swim.com\/en\/contact\/\" \/>\n<meta property=\"og:locale\" content=\"en_US\" \/>\n<meta property=\"og:type\" content=\"article\" \/>\n<meta property=\"og:title\" content=\"Contact - Cool Swim - syst\u00e8me de protection anti-m\u00e9duse portable\" \/>\n<meta property=\"og:description\" content=\"Contact Vous souhaitez avoir plus de renseignements ou tout simplement prendre contact avec notre \u00e9quipe ? Contact FRANCE LOCARAMA Port Pierre Canto &#8211; La Croisette06400 CANNES -FRANCE T\u00e9l : +33 (0)4 93 94 45 81Fax : +33 (0)4 93 436 820Gsm : +352 691 525612Web:\u00a0www.cannesboat.com\" \/>\n<meta property=\"og:url\" content=\"https:\/\/www.cool-swim.com\/en\/contact\/\" \/>\n<meta property=\"og:site_name\" content=\"Cool Swim - syst\u00e8me de protection anti-m\u00e9duse portable\" \/>\n<meta name=\"twitter:card\" content=\"summary_large_image\" \/>\n<script type=\"application\/ld+json\" class=\"yoast-schema-graph\">{\"@context\":\"https:\/\/schema.org\",\"@graph\":[{\"@type\":\"WebPage\",\"@id\":\"https:\/\/www.cool-swim.com\/en\/contact\/\",\"url\":\"https:\/\/www.cool-swim.com\/en\/contact\/\",\"name\":\"Contact - Cool Swim - syst\u00e8me de protection anti-m\u00e9duse portable\",\"isPartOf\":{\"@id\":\"https:\/\/www.cool-swim.com\/en\/#website\"},\"datePublished\":\"2020-07-24T08:00:48+00:00\",\"dateModified\":\"2020-07-24T08:00:48+00:00\",\"breadcrumb\":{\"@id\":\"https:\/\/www.cool-swim.com\/en\/contact\/#breadcrumb\"},\"inLanguage\":\"en-US\",\"potentialAction\":[{\"@type\":\"ReadAction\",\"target\":[\"https:\/\/www.cool-swim.com\/en\/contact\/\"]}]},{\"@type\":\"BreadcrumbList\",\"@id\":\"https:\/\/www.cool-swim.com\/en\/contact\/#breadcrumb\",\"itemListElement\":[{\"@type\":\"ListItem\",\"position\":1,\"name\":\"Accueil\",\"item\":\"https:\/\/www.cool-swim.com\/en\/\"},{\"@type\":\"ListItem\",\"position\":2,\"name\":\"Contact\"}]},{\"@type\":\"WebSite\",\"@id\":\"https:\/\/www.cool-swim.com\/en\/#website\",\"url\":\"https:\/\/www.cool-swim.com\/en\/\",\"name\":\"Cool Swim - syst\u00e8me de protection anti-m\u00e9duse portable\",\"description\":\"syst\u00e8me de protection anti-m\u00e9duse portable\",\"publisher\":{\"@id\":\"https:\/\/www.cool-swim.com\/en\/#organization\"},\"potentialAction\":[{\"@type\":\"SearchAction\",\"target\":{\"@type\":\"EntryPoint\",\"urlTemplate\":\"https:\/\/www.cool-swim.com\/en\/?s={search_term_string}\"},\"query-input\":\"required name=search_term_string\"}],\"inLanguage\":\"en-US\"},{\"@type\":\"Organization\",\"@id\":\"https:\/\/www.cool-swim.com\/en\/#organization\",\"name\":\"Cool Swim\",\"url\":\"https:\/\/www.cool-swim.com\/en\/\",\"logo\":{\"@type\":\"ImageObject\",\"inLanguage\":\"en-US\",\"@id\":\"https:\/\/www.cool-swim.com\/en\/#\/schema\/logo\/image\/\",\"url\":\"https:\/\/www.cool-swim.com\/wp-content\/uploads\/2020\/06\/cool-swim-logo-4.png\",\"contentUrl\":\"https:\/\/www.cool-swim.com\/wp-content\/uploads\/2020\/06\/cool-swim-logo-4.png\",\"width\":1920,\"height\":521,\"caption\":\"Cool Swim\"},\"image\":{\"@id\":\"https:\/\/www.cool-swim.com\/en\/#\/schema\/logo\/image\/\"}}]}<\/script>\n<!-- \/ Yoast SEO plugin. -->","yoast_head_json":{"title":"Contact - Cool Swim - syst\u00e8me de protection anti-m\u00e9duse portable","robots":{"index":"index","follow":"follow","max-snippet":"max-snippet:-1","max-image-preview":"max-image-preview:large","max-video-preview":"max-video-preview:-1"},"canonical":"https:\/\/www.cool-swim.com\/en\/contact\/","og_locale":"en_US","og_type":"article","og_title":"Contact - Cool Swim - syst\u00e8me de protection anti-m\u00e9duse portable","og_description":"Contact Vous souhaitez avoir plus de renseignements ou tout simplement prendre contact avec notre \u00e9quipe ? Contact FRANCE LOCARAMA Port Pierre Canto &#8211; La Croisette06400 CANNES -FRANCE T\u00e9l : +33 (0)4 93 94 45 81Fax : +33 (0)4 93 436 820Gsm : +352 691 525612Web:\u00a0www.cannesboat.com","og_url":"https:\/\/www.cool-swim.com\/en\/contact\/","og_site_name":"Cool Swim - syst\u00e8me de protection anti-m\u00e9duse portable","twitter_card":"summary_large_image","schema":{"@context":"https:\/\/schema.org","@graph":[{"@type":"WebPage","@id":"https:\/\/www.cool-swim.com\/en\/contact\/","url":"https:\/\/www.cool-swim.com\/en\/contact\/","name":"Contact - Cool Swim - syst\u00e8me de protection anti-m\u00e9duse portable","isPartOf":{"@id":"https:\/\/www.cool-swim.com\/en\/#website"},"datePublished":"2020-07-24T08:00:48+00:00","dateModified":"2020-07-24T08:00:48+00:00","breadcrumb":{"@id":"https:\/\/www.cool-swim.com\/en\/contact\/#breadcrumb"},"inLanguage":"en-US","potentialAction":[{"@type":"ReadAction","target":["https:\/\/www.cool-swim.com\/en\/contact\/"]}]},{"@type":"BreadcrumbList","@id":"https:\/\/www.cool-swim.com\/en\/contact\/#breadcrumb","itemListElement":[{"@type":"ListItem","position":1,"name":"Accueil","item":"https:\/\/www.cool-swim.com\/en\/"},{"@type":"ListItem","position":2,"name":"Contact"}]},{"@type":"WebSite","@id":"https:\/\/www.cool-swim.com\/en\/#website","url":"https:\/\/www.cool-swim.com\/en\/","name":"Cool Swim - syst\u00e8me de protection anti-m\u00e9duse portable","description":"syst\u00e8me de protection anti-m\u00e9duse portable","publisher":{"@id":"https:\/\/www.cool-swim.com\/en\/#organization"},"potentialAction":[{"@type":"SearchAction","target":{"@type":"EntryPoint","urlTemplate":"https:\/\/www.cool-swim.com\/en\/?s={search_term_string}"},"query-input":"required name=search_term_string"}],"inLanguage":"en-US"},{"@type":"Organization","@id":"https:\/\/www.cool-swim.com\/en\/#organization","name":"Cool Swim","url":"https:\/\/www.cool-swim.com\/en\/","logo":{"@type":"ImageObject","inLanguage":"en-US","@id":"https:\/\/www.cool-swim.com\/en\/#\/schema\/logo\/image\/","url":"https:\/\/www.cool-swim.com\/wp-content\/uploads\/2020\/06\/cool-swim-logo-4.png","contentUrl":"https:\/\/www.cool-swim.com\/wp-content\/uploads\/2020\/06\/cool-swim-logo-4.png","width":1920,"height":521,"caption":"Cool Swim"},"image":{"@id":"https:\/\/www.cool-swim.com\/en\/#\/schema\/logo\/image\/"}}]}},"_links":{"self":[{"href":"https:\/\/www.cool-swim.com\/en\/wp-json\/wp\/v2\/pages\/10095"}],"collection":[{"href":"https:\/\/www.cool-swim.com\/en\/wp-json\/wp\/v2\/pages"}],"about":[{"href":"https:\/\/www.cool-swim.com\/en\/wp-json\/wp\/v2\/types\/page"}],"author":[{"embeddable":true,"href":"https:\/\/www.cool-swim.com\/en\/wp-json\/wp\/v2\/users\/1"}],"replies":[{"embeddable":true,"href":"https:\/\/www.cool-swim.com\/en\/wp-json\/wp\/v2\/comments?post=10095"}],"version-history":[{"count":1,"href":"https:\/\/www.cool-swim.com\/en\/wp-json\/wp\/v2\/pages\/10095\/revisions"}],"predecessor-version":[{"id":10096,"href":"https:\/\/www.cool-swim.com\/en\/wp-json\/wp\/v2\/pages\/10095\/revisions\/10096"}],"wp:attachment":[{"href":"https:\/\/www.cool-swim.com\/en\/wp-json\/wp\/v2\/media?parent=10095"}],"curies":[{"name":"wp","href":"https:\/\/api.w.org\/{rel}","templated":true}]}}